{"id":21,"date":"2024-01-29T17:24:51","date_gmt":"2024-01-29T16:24:51","guid":{"rendered":"https:\/\/www.join-iad.com\/es\/?page_id=21"},"modified":"2025-10-30T04:06:31","modified_gmt":"2025-10-30T08:06:31","slug":"suite-de-productividad-iad","status":"publish","type":"page","link":"https:\/\/www.join-iad.com\/es\/suite-de-productividad-iad\/","title":{"rendered":"Suite de productividad iad"},"content":{"rendered":"\n<h2 class=\"wp-block-heading alignwide has-text-align-center\"><strong>La suite de productividad iad<\/strong>, las herramientas m\u00e1s eficaces para hacer crecer tu negocio iad<\/h2>\n\n\n\n<p class=\"has-text-align-center is-style-large\">No se necesitan oficinas, \u00a1s\u00f3lo gastamos dinero en lo que importa!<\/p>\n\n\n\n<div class=\"wp-block-columns alignwide is-layout-flex wp-container-core-columns-is-layout-9d6595d7 wp-block-columns-is-layout-flex\">\n<div class=\"wp-block-column is-layout-flow wp-block-column-is-layout-flow\">\n<figure class=\"wp-block-image size-large\"><img loading=\"lazy\" decoding=\"async\" width=\"318\" height=\"628\" src=\"https:\/\/uas.join-iad.com\/app\/uploads\/sites\/9\/2024\/02\/us-es-getsupportandtraining.svg\" alt=\"\" class=\"wp-image-246\"\/><\/figure>\n<\/div>\n\n\n\n<div class=\"wp-block-column is-layout-flow wp-block-column-is-layout-flow\">\n<figure class=\"wp-block-image size-large\"><img loading=\"lazy\" decoding=\"async\" width=\"318\" height=\"628\" src=\"https:\/\/uas.join-iad.com\/app\/uploads\/sites\/9\/2024\/02\/us-es-findsellers.svg\" alt=\"\" class=\"wp-image-244\"\/><\/figure>\n<\/div>\n\n\n\n<div class=\"wp-block-column is-layout-flow wp-block-column-is-layout-flow\">\n<figure class=\"wp-block-image size-large\"><img loading=\"lazy\" decoding=\"async\" width=\"318\" height=\"628\" src=\"https:\/\/uas.join-iad.com\/app\/uploads\/sites\/9\/2024\/02\/us-es-findbuyers.svg\" alt=\"\" class=\"wp-image-243\"\/><\/figure>\n<\/div>\n\n\n\n<div class=\"wp-block-column is-layout-flow wp-block-column-is-layout-flow\">\n<figure class=\"wp-block-image size-large\"><img loading=\"lazy\" decoding=\"async\" width=\"318\" height=\"628\" src=\"https:\/\/uas.join-iad.com\/app\/uploads\/sites\/9\/2024\/02\/us-es-beproductive.svg\" alt=\"\" class=\"wp-image-242\"\/><\/figure>\n<\/div>\n<\/div>\n\n\n\n<div class=\"wp-block-media-text is-stacked-on-mobile is-vertically-aligned-center is-style-illustration-small\"><figure class=\"wp-block-media-text__media\"><img decoding=\"async\" src=\"https:\/\/www.join-iad.uk.com\/app\/uploads\/sites\/7\/2023\/08\/assistant-v4.svg\" alt=\"\" class=\"wp-image-913 size-medium\"\/><\/figure><div class=\"wp-block-media-text__content\">\n<h2 class=\"wp-block-heading is-style-h3\">Personal de apoyo especializado<\/h2>\n\n\n\n<p>Cada agente inmobiliario* de <strong>iad<\/strong> cuenta con el apoyo diario de un m\u00e1nager administrativo contratado por la sede.<\/p>\n\n\n\n<p class=\"is-style-default\">Este m\u00e1nager <strong>se encarga de todas las tareas administrativas<\/strong> (en particular, facturaci\u00f3n, validaci\u00f3n de listados, pago de comisiones, etc.) para que tu puedas dedicarte plenamente a tu actividad en campo.<\/p>\n<\/div><\/div>\n\n\n\n<div class=\"wp-block-media-text alignwide has-media-on-the-right is-stacked-on-mobile is-vertically-aligned-center is-style-illustration-small\"><div class=\"wp-block-media-text__content\">\n<h2 class=\"wp-block-heading is-style-h3\">Un programa de formaci\u00f3n completo y a la medida:&nbsp;<\/h2>\n\n\n\n<p>Para mantener al d\u00eda tus competencias, <strong>iad<\/strong> te recomienda la siguiente formaci\u00f3n :<\/p>\n\n\n\n<p><strong>E-learning: la universidad en l\u00ednea de iad<\/strong><br>La universidad en l\u00ednea ofrece un conjunto de m\u00f3dulos de formaci\u00f3n combinados con v\u00eddeos de autoaprendizaje para ayudarte a adquirir los conceptos b\u00e1sicos y profundizar tus conocimientos, as\u00ed como un conjunto de cuestionarios de \u00e1rea para validar lo que has aprendido.<\/p>\n\n\n\n<p><strong>Formaci\u00f3n presencial<\/strong><br>Los cursos de formaci\u00f3n de <strong>iad<\/strong> Florida se enriquecer\u00e1n continuamente, con una comunidad de formadores certificados por <strong>iad<\/strong>.<\/p>\n\n\n\n<div class=\"wp-block-buttons is-layout-flex wp-block-buttons-is-layout-flex\">\n<div class=\"wp-block-button is-style-arrow\"><a class=\"wp-block-button__link wp-element-button\" href=\"https:\/\/www.join-iad.com\/es\/cursos-de-formacion\/\">M\u00e1s informaci\u00f3n sobre los cursos de formaci\u00f3n<\/a><\/div>\n<\/div>\n<\/div><figure class=\"wp-block-media-text__media\"><img decoding=\"async\" src=\"https:\/\/uas.join-iad.com\/app\/uploads\/sites\/2\/2023\/01\/solving-math-problem.svg\" alt=\"\" class=\"wp-image-55433 size-medium\"\/><\/figure><\/div>\n\n\n\n<div class=\"wp-block-media-text is-stacked-on-mobile is-vertically-aligned-center is-style-illustration-small\"><figure class=\"wp-block-media-text__media\"><img decoding=\"async\" src=\"https:\/\/uas.join-iad.com\/app\/uploads\/sites\/2\/2023\/01\/efficient-digital-tool-v5.svg\" alt=\"\" class=\"wp-image-55762 size-medium\"\/><\/figure><div class=\"wp-block-media-text__content\">\n<h2 class=\"wp-block-heading is-style-h3\">Las mejores herramientas de CRM y marketing, <strong>KVcore<\/strong><\/h2>\n\n\n\n<p>Elegimos KVcore, <strong>la plataforma inmobiliaria n\u00famero 1<\/strong>, para dar a nuestros agentes las mejores herramientas para gestionar a sus clientes potenciales y tener acceso a una completa biblioteca de materiales de marketing (dise\u00f1os, env\u00edo de correos electr\u00f3nicos, activos de redes sociales, sitios web personalizados para agentes, materiales de marketing personalizados&#8230;).<\/p>\n<\/div><\/div>\n\n\n\n<div class=\"wp-block-media-text alignwide has-media-on-the-right is-stacked-on-mobile is-vertically-aligned-center is-style-illustration-small\"><div class=\"wp-block-media-text__content\">\n<h2 class=\"wp-block-heading is-style-h3\">La mejor gesti\u00f3n de transacciones con <strong>Brokermint<\/strong><\/h2>\n\n\n\n<p>Todo se asigna y supervisa autom\u00e1ticamente en un concentrador. Se eliminan los cuellos de botella, las transacciones siguen su curso y los cierres son puntuales y organizados.<\/p>\n<\/div><figure class=\"wp-block-media-text__media\"><img decoding=\"async\" src=\"https:\/\/www.join-iad.com\/app\/uploads\/sites\/8\/2023\/08\/maxresdefault-1024x576.jpeg\" alt=\"\" class=\"wp-image-335 size-full\"\/><\/figure><\/div>\n\n\n\n<h2 class=\"wp-block-heading is-style-h2 has-text-dark-color has-text-color\">\u00bfTienes m\u00e1s preguntas? <\/h2>\n\n\n\n<p class=\"is-style-default has-text-dark-color has-text-color\">Habla con un agente inmobiliario de <strong>iad<\/strong> o asiste a nuestra pr\u00f3xima presentaci\u00f3n de Oportunidad de Negocio.<\/p>\n\n\n\n<div class=\"wp-block-buttons is-layout-flex wp-block-buttons-is-layout-flex\">\n<div class=\"wp-block-button\"><a class=\"wp-block-button__link wp-element-button\" href=\"https:\/\/www.join-iad.com\/es\/form\/\">Cont\u00e1ctanos<\/a><\/div>\n<\/div>\n\n\n\n<div class=\"wp-block-columns alignwide is-layout-flex wp-container-core-columns-is-layout-9d6595d7 wp-block-columns-is-layout-flex\">\n<div class=\"wp-block-column is-layout-flow wp-block-column-is-layout-flow\" style=\"flex-basis:100%\">\n<p class=\"is-style-extra-small\">*iad FLORIDA LLC es una sociedad de responsabilidad limitada constituida con arreglo a las leyes del Estado de Florida (n\u00famero de sociedad L23000020737) cuya direcci\u00f3n principal se encuentra en 1200 Brickell Avenue, Suite 1960, Miami, Florida, 33131, que opera como empresa de intermediaci\u00f3n inmobiliaria en Florida con el n\u00famero de licencia CQ1067735.<\/p>\n<\/div>\n<\/div>\n","protected":false},"excerpt":{"rendered":"<p>La suite de productividad iad, las herramientas m\u00e1s eficaces para hacer crecer tu negocio iad No se necesitan oficinas, \u00a1s\u00f3lo gastamos dinero en lo que importa! Personal de apoyo especializado Cada agente inmobiliario* de iad cuenta con el apoyo diario de un m\u00e1nager administrativo contratado por la sede. Este m\u00e1nager se encarga de todas las [&hellip;]<\/p>\n","protected":false},"author":42,"featured_media":0,"parent":0,"menu_order":0,"comment_status":"closed","ping_status":"closed","template":"","meta":{"_acf_changed":false,"editor_notices":[],"footnotes":""},"class_list":["post-21","page","type-page","status-publish","hentry"],"acf":[],"yoast_head":"<title>Herramientas digitales exclusivas para inmobiliario | Join iad US<\/title>\n<meta name=\"description\" content=\"Suite de productividad iad: herramientas, servicios y colaboraciones exclusivas para desarrollar tu negocio inmobiliario.\" \/>\n<meta name=\"robots\" content=\"index, follow, max-snippet:-1, max-image-preview:large, max-video-preview:-1\" \/>\n<link rel=\"canonical\" href=\"https:\/\/www.join-iad.com\/es\/suite-de-productividad-iad\/\" \/>\n<meta property=\"og:locale\" content=\"es_ES\" \/>\n<meta property=\"og:type\" content=\"article\" \/>\n<meta property=\"og:title\" content=\"Herramientas digitales exclusivas para inmobiliario | Join iad US\" \/>\n<meta property=\"og:description\" content=\"Suite de productividad iad: herramientas, servicios y colaboraciones exclusivas para desarrollar tu negocio inmobiliario.\" \/>\n<meta property=\"og:url\" content=\"https:\/\/www.join-iad.com\/es\/suite-de-productividad-iad\/\" \/>\n<meta property=\"og:site_name\" content=\"Join iad US\" \/>\n<meta property=\"article:publisher\" content=\"https:\/\/www.facebook.com\/iadfloridaofficial\/\" \/>\n<meta property=\"article:modified_time\" content=\"2025-10-30T08:06:31+00:00\" \/>\n<meta name=\"twitter:card\" content=\"summary_large_image\" \/>\n<meta name=\"twitter:label1\" content=\"Est. reading time\" \/>\n\t<meta name=\"twitter:data1\" content=\"4 minutos\" \/>\n<script type=\"application\/ld+json\" class=\"yoast-schema-graph\">{\"@context\":\"https:\/\/schema.org\",\"@graph\":[{\"@type\":\"WebPage\",\"@id\":\"https:\/\/www.join-iad.com\/es\/suite-de-productividad-iad\/\",\"url\":\"https:\/\/www.join-iad.com\/es\/suite-de-productividad-iad\/\",\"name\":\"Herramientas digitales exclusivas para inmobiliario | Join iad US\",\"isPartOf\":{\"@id\":\"https:\/\/www.join-iad.com\/es\/#website\"},\"primaryImageOfPage\":{\"@id\":\"https:\/\/www.join-iad.com\/es\/suite-de-productividad-iad\/#primaryimage\"},\"image\":{\"@id\":\"https:\/\/www.join-iad.com\/es\/suite-de-productividad-iad\/#primaryimage\"},\"thumbnailUrl\":\"https:\/\/uas.join-iad.com\/app\/uploads\/sites\/9\/2024\/02\/us-es-getsupportandtraining.svg\",\"datePublished\":\"2024-01-29T16:24:51+00:00\",\"dateModified\":\"2025-10-30T08:06:31+00:00\",\"description\":\"Suite de productividad iad: herramientas, servicios y colaboraciones exclusivas para desarrollar tu negocio inmobiliario.\",\"breadcrumb\":{\"@id\":\"https:\/\/www.join-iad.com\/es\/suite-de-productividad-iad\/#breadcrumb\"},\"inLanguage\":\"es\",\"potentialAction\":[{\"@type\":\"ReadAction\",\"target\":[\"https:\/\/www.join-iad.com\/es\/suite-de-productividad-iad\/\"]}]},{\"@type\":\"ImageObject\",\"inLanguage\":\"es\",\"@id\":\"https:\/\/www.join-iad.com\/es\/suite-de-productividad-iad\/#primaryimage\",\"url\":\"https:\/\/uas.join-iad.com\/app\/uploads\/sites\/9\/2024\/02\/us-es-getsupportandtraining.svg\",\"contentUrl\":\"https:\/\/uas.join-iad.com\/app\/uploads\/sites\/9\/2024\/02\/us-es-getsupportandtraining.svg\"},{\"@type\":\"BreadcrumbList\",\"@id\":\"https:\/\/www.join-iad.com\/es\/suite-de-productividad-iad\/#breadcrumb\",\"itemListElement\":[{\"@type\":\"ListItem\",\"position\":1,\"name\":\"Home\",\"item\":\"https:\/\/www.join-iad.com\/es\/\"},{\"@type\":\"ListItem\",\"position\":2,\"name\":\"Suite de productividad iad\"}]},{\"@type\":\"WebSite\",\"@id\":\"https:\/\/www.join-iad.com\/es\/#website\",\"url\":\"https:\/\/www.join-iad.com\/es\/\",\"name\":\"Join iad US\",\"description\":\"Convi\u00e9rtase en agente inmobiliario independiente con iad\",\"publisher\":{\"@id\":\"https:\/\/www.join-iad.com\/es\/#organization\"},\"potentialAction\":[{\"@type\":\"SearchAction\",\"target\":{\"@type\":\"EntryPoint\",\"urlTemplate\":\"https:\/\/www.join-iad.com\/es\/?s={search_term_string}\"},\"query-input\":{\"@type\":\"PropertyValueSpecification\",\"valueRequired\":true,\"valueName\":\"search_term_string\"}}],\"inLanguage\":\"es\"},{\"@type\":\"Organization\",\"@id\":\"https:\/\/www.join-iad.com\/es\/#organization\",\"name\":\"iad\",\"url\":\"https:\/\/www.join-iad.com\/es\/\",\"logo\":{\"@type\":\"ImageObject\",\"inLanguage\":\"es\",\"@id\":\"https:\/\/www.join-iad.com\/es\/#\/schema\/logo\/image\/\",\"url\":\"https:\/\/www.join-iad.com\/app\/uploads\/sites\/9\/2024\/02\/logo-iad-bleu.png\",\"contentUrl\":\"https:\/\/www.join-iad.com\/app\/uploads\/sites\/9\/2024\/02\/logo-iad-bleu.png\",\"width\":823,\"height\":701,\"caption\":\"iad\"},\"image\":{\"@id\":\"https:\/\/www.join-iad.com\/es\/#\/schema\/logo\/image\/\"},\"sameAs\":[\"https:\/\/www.facebook.com\/iadfloridaofficial\/\"]}]}<\/script>","yoast_head_json":{"title":"Herramientas digitales exclusivas para inmobiliario | Join iad US","description":"Suite de productividad iad: herramientas, servicios y colaboraciones exclusivas para desarrollar tu negocio inmobiliario.","robots":{"index":"index","follow":"follow","max-snippet":"max-snippet:-1","max-image-preview":"max-image-preview:large","max-video-preview":"max-video-preview:-1"},"canonical":"https:\/\/www.join-iad.com\/es\/suite-de-productividad-iad\/","og_locale":"es_ES","og_type":"article","og_title":"Herramientas digitales exclusivas para inmobiliario | Join iad US","og_description":"Suite de productividad iad: herramientas, servicios y colaboraciones exclusivas para desarrollar tu negocio inmobiliario.","og_url":"https:\/\/www.join-iad.com\/es\/suite-de-productividad-iad\/","og_site_name":"Join iad US","article_publisher":"https:\/\/www.facebook.com\/iadfloridaofficial\/","article_modified_time":"2025-10-30T08:06:31+00:00","twitter_card":"summary_large_image","twitter_misc":{"Est. reading time":"4 minutos"},"schema":{"@context":"https:\/\/schema.org","@graph":[{"@type":"WebPage","@id":"https:\/\/www.join-iad.com\/es\/suite-de-productividad-iad\/","url":"https:\/\/www.join-iad.com\/es\/suite-de-productividad-iad\/","name":"Herramientas digitales exclusivas para inmobiliario | Join iad US","isPartOf":{"@id":"https:\/\/www.join-iad.com\/es\/#website"},"primaryImageOfPage":{"@id":"https:\/\/www.join-iad.com\/es\/suite-de-productividad-iad\/#primaryimage"},"image":{"@id":"https:\/\/www.join-iad.com\/es\/suite-de-productividad-iad\/#primaryimage"},"thumbnailUrl":"https:\/\/uas.join-iad.com\/app\/uploads\/sites\/9\/2024\/02\/us-es-getsupportandtraining.svg","datePublished":"2024-01-29T16:24:51+00:00","dateModified":"2025-10-30T08:06:31+00:00","description":"Suite de productividad iad: herramientas, servicios y colaboraciones exclusivas para desarrollar tu negocio inmobiliario.","breadcrumb":{"@id":"https:\/\/www.join-iad.com\/es\/suite-de-productividad-iad\/#breadcrumb"},"inLanguage":"es","potentialAction":[{"@type":"ReadAction","target":["https:\/\/www.join-iad.com\/es\/suite-de-productividad-iad\/"]}]},{"@type":"ImageObject","inLanguage":"es","@id":"https:\/\/www.join-iad.com\/es\/suite-de-productividad-iad\/#primaryimage","url":"https:\/\/uas.join-iad.com\/app\/uploads\/sites\/9\/2024\/02\/us-es-getsupportandtraining.svg","contentUrl":"https:\/\/uas.join-iad.com\/app\/uploads\/sites\/9\/2024\/02\/us-es-getsupportandtraining.svg"},{"@type":"BreadcrumbList","@id":"https:\/\/www.join-iad.com\/es\/suite-de-productividad-iad\/#breadcrumb","itemListElement":[{"@type":"ListItem","position":1,"name":"Home","item":"https:\/\/www.join-iad.com\/es\/"},{"@type":"ListItem","position":2,"name":"Suite de productividad iad"}]},{"@type":"WebSite","@id":"https:\/\/www.join-iad.com\/es\/#website","url":"https:\/\/www.join-iad.com\/es\/","name":"Join iad US","description":"Convi\u00e9rtase en agente inmobiliario independiente con iad","publisher":{"@id":"https:\/\/www.join-iad.com\/es\/#organization"},"potentialAction":[{"@type":"SearchAction","target":{"@type":"EntryPoint","urlTemplate":"https:\/\/www.join-iad.com\/es\/?s={search_term_string}"},"query-input":{"@type":"PropertyValueSpecification","valueRequired":true,"valueName":"search_term_string"}}],"inLanguage":"es"},{"@type":"Organization","@id":"https:\/\/www.join-iad.com\/es\/#organization","name":"iad","url":"https:\/\/www.join-iad.com\/es\/","logo":{"@type":"ImageObject","inLanguage":"es","@id":"https:\/\/www.join-iad.com\/es\/#\/schema\/logo\/image\/","url":"https:\/\/www.join-iad.com\/app\/uploads\/sites\/9\/2024\/02\/logo-iad-bleu.png","contentUrl":"https:\/\/www.join-iad.com\/app\/uploads\/sites\/9\/2024\/02\/logo-iad-bleu.png","width":823,"height":701,"caption":"iad"},"image":{"@id":"https:\/\/www.join-iad.com\/es\/#\/schema\/logo\/image\/"},"sameAs":["https:\/\/www.facebook.com\/iadfloridaofficial\/"]}]}},"_links":{"self":[{"href":"https:\/\/www.join-iad.com\/es\/wp-json\/wp\/v2\/pages\/21","targetHints":{"allow":["GET"]}}],"collection":[{"href":"https:\/\/www.join-iad.com\/es\/wp-json\/wp\/v2\/pages"}],"about":[{"href":"https:\/\/www.join-iad.com\/es\/wp-json\/wp\/v2\/types\/page"}],"author":[{"embeddable":true,"href":"https:\/\/www.join-iad.com\/es\/wp-json\/wp\/v2\/users\/42"}],"replies":[{"embeddable":true,"href":"https:\/\/www.join-iad.com\/es\/wp-json\/wp\/v2\/comments?post=21"}],"version-history":[{"count":10,"href":"https:\/\/www.join-iad.com\/es\/wp-json\/wp\/v2\/pages\/21\/revisions"}],"predecessor-version":[{"id":442,"href":"https:\/\/www.join-iad.com\/es\/wp-json\/wp\/v2\/pages\/21\/revisions\/442"}],"wp:attachment":[{"href":"https:\/\/www.join-iad.com\/es\/wp-json\/wp\/v2\/media?parent=21"}],"curies":[{"name":"wp","href":"https:\/\/api.w.org\/{rel}","templated":true}]}}