{"id":22,"date":"2024-01-29T16:56:28","date_gmt":"2024-01-29T15:56:28","guid":{"rendered":"https:\/\/www.join-iad.com\/es\/?page_id=22"},"modified":"2024-03-05T12:01:13","modified_gmt":"2024-03-05T10:01:13","slug":"informacion-legal","status":"publish","type":"page","link":"https:\/\/www.join-iad.com\/es\/informacion-legal\/","title":{"rendered":"Informaci\u00f3n legal"},"content":{"rendered":"\n<div class=\"wp-block-group alignwide\"><div class=\"wp-block-group__inner-container is-layout-flow wp-block-group-is-layout-flow\">\n<p><strong><u>El sitio web www.join-iad.com\/es\/ es un servicio publicado por:<\/u><\/strong><\/p>\n\n\n\n<p>I@D Internacional<br>SAS con un capital de 20 454 626,70 \u20ac \u2013 R.C.S Melun n\u00ba 820 923 126<br>C\u00f3digo APE : 6420Z \u2013 N\u00famero de IVA intracomunitario : FR 15 820923126<\/p>\n\n\n\n<p><strong><u>Direcci\u00f3n de correo:<\/u><\/strong><\/p>\n\n\n\n<p>I@D International<br>Carr\u00e9 Haussmann III<br>CS 10476<br>77564 LIEUSAINT Cedex \u2013 France<\/p>\n\n\n\n<p><strong><u>Sede central:<\/u><\/strong><\/p>\n\n\n\n<p>1 all\u00e9e de la Ferme de Var\u00e2tre<br>Immeuble Carr\u00e9 Haussmann III<br>77127 LIEUSAINT \u2013 France.<br>01 64 43 49 50 \/&nbsp;<a href=\"mailto:service.client@iadgroup.fr\" target=\"_blank\" rel=\"noreferrer noopener\">service.client@iadgroup.fr<\/a><\/p>\n\n\n\n<p><strong><u>Director de la publicaci\u00f3n:<\/u><\/strong><\/p>\n\n\n\n<p>Cl\u00e9ment DELPIROU<\/p>\n\n\n\n<p><strong><u>Contenido editorial:<\/u><\/strong><\/p>\n\n\n\n<p>El Sitio Web ofrece, a t\u00edtulo informativo, diversos textos que deben utilizarse con el debido discernimiento. Iad International no se hace responsable, en ning\u00fan caso, de los errores, omisiones o inexactitudes que pudieran encontrarse.<\/p>\n\n\n\n<p><strong><u>Protecci\u00f3n de usuarios :<\/u><\/strong><\/p>\n\n\n\n<p>Los usuarios del sitio web https:\/\/www.join-iad.com\/es\/ que hayan introducido datos personales con el fin de ser contactados por un asesor de una filial de I@D International en relaci\u00f3n con sus proyectos, disponen de un derecho de acceso, rectificaci\u00f3n, modificaci\u00f3n y supresi\u00f3n de dichos datos, de conformidad con la ley francesa \u00abInformatique et Libert\u00e9s\u00bb N\u00ba 78-17 de 6 de enero de 1978 y el Reglamento (UE) N\u00ba2016\/679 del Parlamento Europeo y del Consejo de 27 de abril de 2016 conocido como \u00abReglamento General de Protecci\u00f3n de Datos\u00bb. Pueden hacer uso de este derecho poni\u00e9ndose en contacto con el editor en privacy@iadinternational.com o en la direcci\u00f3n postal indicada al principio de la p\u00e1gina; para facilitar el ejercicio de este derecho.<\/p>\n\n\n\n<p><strong><u>Intercambio de datos:<\/u><\/strong><\/p>\n\n\n\n<p>I@D International no puede garantizar a los usuarios del sitio web ep\u00f3nimo que los datos intercambiados no sean recogidos fraudulentamente por terceros. Por su parte, el editor se compromete a adoptar todas las medidas legales y t\u00e9cnicas para garantizar estos intercambios.<\/p>\n\n\n\n<p><strong><u>Enlaces de hipertexto:<\/u><\/strong><\/p>\n\n\n\n<p>El sitio web ofrece enlaces de hipertexto a sitios web de terceros. I@D International no podr\u00e1 ser considerada responsable en caso de litigio entre un sitio web referenciado y un usuario y no ser\u00e1 considerada responsable de los contenidos, productos y servicios disponibles en o a partir de estos sitios web de terceros, ni de su acceso y buen funcionamiento t\u00e9cnico. El establecimiento de un enlace de hipertexto hacia el sitio https:\/\/www.join-iad.com\/es\/  requiere la autorizaci\u00f3n previa y por escrito de I@D International.<\/p>\n\n\n\n<p><strong><u>Derechos de propiedad intelectual:<\/u><\/strong><\/p>\n\n\n\n<p>La marca, el logotipo, la carta gr\u00e1fica as\u00ed como todos los datos (textos e im\u00e1genes) que figuran en las p\u00e1ginas del sitio web https:\/\/www.join-iad.com\/es\/ son propiedad exclusiva de I@D International : se proh\u00edbe la utilizaci\u00f3n, la reproducci\u00f3n, la imitaci\u00f3n, la explotaci\u00f3n, gratuita o a t\u00edtulo oneroso, parcial o total, en cualquier soporte o por cualquier procedimiento. Esta prohibici\u00f3n constituye una infracci\u00f3n susceptible de comprometer la responsabilidad civil y penal del infractor.<\/p>\n\n\n\n<p><strong><u>Alojamiento web:<\/u><\/strong><\/p>\n\n\n\n<p>Amazon Web Services, Inc.<br>P.O. Box 81226 Seattle, WA 98108-1226<br>Tel : (206) 266-4064<br>Para mas information :&nbsp;<a href=\"https:\/\/aws.amazon.com\/terms\/?nc1=f_pr\" target=\"_blank\" rel=\"noreferrer noopener\">https:\/\/aws.amazon.com\/terms\/?nc1=f_pr<\/a><\/p>\n\n\n\n<p><strong><u>Gesti\u00f3n y desarrollo de sitios web por :<\/u><\/strong><\/p>\n\n\n\n<p>BE API, con domicilio social en 9 rue des Colonnes 75002 PARIS e inscrita en el R.C.S. de Par\u00eds con el n\u00famero 514 178 094 (Mail : amaury@beapi.fr \u2013 Website : https:\/\/beapi.fr\/)<\/p>\n<\/div><\/div>\n","protected":false},"excerpt":{"rendered":"<p>El sitio web www.join-iad.com\/es\/ es un servicio publicado por: I@D InternacionalSAS con un capital de 20 454 626,70 \u20ac \u2013 R.C.S Melun n\u00ba 820 923 126C\u00f3digo APE : 6420Z \u2013 N\u00famero de IVA intracomunitario : FR 15 820923126 Direcci\u00f3n de correo: I@D InternationalCarr\u00e9 Haussmann IIICS 1047677564 LIEUSAINT Cedex \u2013 France Sede central: 1 all\u00e9e de [&hellip;]<\/p>\n","protected":false},"author":42,"featured_media":0,"parent":0,"menu_order":0,"comment_status":"closed","ping_status":"closed","template":"","meta":{"_acf_changed":false,"editor_notices":[],"footnotes":""},"class_list":["post-22","page","type-page","status-publish","hentry"],"acf":[],"yoast_head":"<title>Informaci\u00f3n legal | Join iad US<\/title>\n<meta name=\"robots\" content=\"index, follow, max-snippet:-1, max-image-preview:large, max-video-preview:-1\" \/>\n<link rel=\"canonical\" href=\"https:\/\/www.join-iad.com\/es\/informacion-legal\/\" \/>\n<meta property=\"og:locale\" content=\"es_ES\" \/>\n<meta property=\"og:type\" content=\"article\" \/>\n<meta property=\"og:title\" content=\"Informaci\u00f3n legal | Join iad US\" \/>\n<meta property=\"og:description\" content=\"El sitio web www.join-iad.com\/es\/ es un servicio publicado por: I@D InternacionalSAS con un capital de 20 454 626,70 \u20ac \u2013 R.C.S Melun n\u00ba 820 923 126C\u00f3digo APE : 6420Z \u2013 N\u00famero de IVA intracomunitario : FR 15 820923126 Direcci\u00f3n de correo: I@D InternationalCarr\u00e9 Haussmann IIICS 1047677564 LIEUSAINT Cedex \u2013 France Sede central: 1 all\u00e9e de [&hellip;]\" \/>\n<meta property=\"og:url\" content=\"https:\/\/www.join-iad.com\/es\/informacion-legal\/\" \/>\n<meta property=\"og:site_name\" content=\"Join iad US\" \/>\n<meta property=\"article:publisher\" content=\"https:\/\/www.facebook.com\/iadfloridaofficial\/\" \/>\n<meta property=\"article:modified_time\" content=\"2024-03-05T10:01:13+00:00\" \/>\n<meta name=\"twitter:card\" content=\"summary_large_image\" \/>\n<meta name=\"twitter:label1\" content=\"Est. reading time\" \/>\n\t<meta name=\"twitter:data1\" content=\"3 minutos\" \/>\n<script type=\"application\/ld+json\" class=\"yoast-schema-graph\">{\"@context\":\"https:\/\/schema.org\",\"@graph\":[{\"@type\":\"WebPage\",\"@id\":\"https:\/\/www.join-iad.com\/es\/informacion-legal\/\",\"url\":\"https:\/\/www.join-iad.com\/es\/informacion-legal\/\",\"name\":\"Informaci\u00f3n legal | Join iad US\",\"isPartOf\":{\"@id\":\"https:\/\/www.join-iad.com\/es\/#website\"},\"datePublished\":\"2024-01-29T15:56:28+00:00\",\"dateModified\":\"2024-03-05T10:01:13+00:00\",\"breadcrumb\":{\"@id\":\"https:\/\/www.join-iad.com\/es\/informacion-legal\/#breadcrumb\"},\"inLanguage\":\"es\",\"potentialAction\":[{\"@type\":\"ReadAction\",\"target\":[\"https:\/\/www.join-iad.com\/es\/informacion-legal\/\"]}]},{\"@type\":\"BreadcrumbList\",\"@id\":\"https:\/\/www.join-iad.com\/es\/informacion-legal\/#breadcrumb\",\"itemListElement\":[{\"@type\":\"ListItem\",\"position\":1,\"name\":\"Home\",\"item\":\"https:\/\/www.join-iad.com\/es\/\"},{\"@type\":\"ListItem\",\"position\":2,\"name\":\"Informaci\u00f3n legal\"}]},{\"@type\":\"WebSite\",\"@id\":\"https:\/\/www.join-iad.com\/es\/#website\",\"url\":\"https:\/\/www.join-iad.com\/es\/\",\"name\":\"Join iad US\",\"description\":\"Convi\u00e9rtase en agente inmobiliario independiente con iad\",\"publisher\":{\"@id\":\"https:\/\/www.join-iad.com\/es\/#organization\"},\"potentialAction\":[{\"@type\":\"SearchAction\",\"target\":{\"@type\":\"EntryPoint\",\"urlTemplate\":\"https:\/\/www.join-iad.com\/es\/?s={search_term_string}\"},\"query-input\":{\"@type\":\"PropertyValueSpecification\",\"valueRequired\":true,\"valueName\":\"search_term_string\"}}],\"inLanguage\":\"es\"},{\"@type\":\"Organization\",\"@id\":\"https:\/\/www.join-iad.com\/es\/#organization\",\"name\":\"iad\",\"url\":\"https:\/\/www.join-iad.com\/es\/\",\"logo\":{\"@type\":\"ImageObject\",\"inLanguage\":\"es\",\"@id\":\"https:\/\/www.join-iad.com\/es\/#\/schema\/logo\/image\/\",\"url\":\"https:\/\/www.join-iad.com\/app\/uploads\/sites\/9\/2024\/02\/logo-iad-bleu.png\",\"contentUrl\":\"https:\/\/www.join-iad.com\/app\/uploads\/sites\/9\/2024\/02\/logo-iad-bleu.png\",\"width\":823,\"height\":701,\"caption\":\"iad\"},\"image\":{\"@id\":\"https:\/\/www.join-iad.com\/es\/#\/schema\/logo\/image\/\"},\"sameAs\":[\"https:\/\/www.facebook.com\/iadfloridaofficial\/\"]}]}<\/script>","yoast_head_json":{"title":"Informaci\u00f3n legal | Join iad US","robots":{"index":"index","follow":"follow","max-snippet":"max-snippet:-1","max-image-preview":"max-image-preview:large","max-video-preview":"max-video-preview:-1"},"canonical":"https:\/\/www.join-iad.com\/es\/informacion-legal\/","og_locale":"es_ES","og_type":"article","og_title":"Informaci\u00f3n legal | Join iad US","og_description":"El sitio web www.join-iad.com\/es\/ es un servicio publicado por: I@D InternacionalSAS con un capital de 20 454 626,70 \u20ac \u2013 R.C.S Melun n\u00ba 820 923 126C\u00f3digo APE : 6420Z \u2013 N\u00famero de IVA intracomunitario : FR 15 820923126 Direcci\u00f3n de correo: I@D InternationalCarr\u00e9 Haussmann IIICS 1047677564 LIEUSAINT Cedex \u2013 France Sede central: 1 all\u00e9e de [&hellip;]","og_url":"https:\/\/www.join-iad.com\/es\/informacion-legal\/","og_site_name":"Join iad US","article_publisher":"https:\/\/www.facebook.com\/iadfloridaofficial\/","article_modified_time":"2024-03-05T10:01:13+00:00","twitter_card":"summary_large_image","twitter_misc":{"Est. reading time":"3 minutos"},"schema":{"@context":"https:\/\/schema.org","@graph":[{"@type":"WebPage","@id":"https:\/\/www.join-iad.com\/es\/informacion-legal\/","url":"https:\/\/www.join-iad.com\/es\/informacion-legal\/","name":"Informaci\u00f3n legal | Join iad US","isPartOf":{"@id":"https:\/\/www.join-iad.com\/es\/#website"},"datePublished":"2024-01-29T15:56:28+00:00","dateModified":"2024-03-05T10:01:13+00:00","breadcrumb":{"@id":"https:\/\/www.join-iad.com\/es\/informacion-legal\/#breadcrumb"},"inLanguage":"es","potentialAction":[{"@type":"ReadAction","target":["https:\/\/www.join-iad.com\/es\/informacion-legal\/"]}]},{"@type":"BreadcrumbList","@id":"https:\/\/www.join-iad.com\/es\/informacion-legal\/#breadcrumb","itemListElement":[{"@type":"ListItem","position":1,"name":"Home","item":"https:\/\/www.join-iad.com\/es\/"},{"@type":"ListItem","position":2,"name":"Informaci\u00f3n legal"}]},{"@type":"WebSite","@id":"https:\/\/www.join-iad.com\/es\/#website","url":"https:\/\/www.join-iad.com\/es\/","name":"Join iad US","description":"Convi\u00e9rtase en agente inmobiliario independiente con iad","publisher":{"@id":"https:\/\/www.join-iad.com\/es\/#organization"},"potentialAction":[{"@type":"SearchAction","target":{"@type":"EntryPoint","urlTemplate":"https:\/\/www.join-iad.com\/es\/?s={search_term_string}"},"query-input":{"@type":"PropertyValueSpecification","valueRequired":true,"valueName":"search_term_string"}}],"inLanguage":"es"},{"@type":"Organization","@id":"https:\/\/www.join-iad.com\/es\/#organization","name":"iad","url":"https:\/\/www.join-iad.com\/es\/","logo":{"@type":"ImageObject","inLanguage":"es","@id":"https:\/\/www.join-iad.com\/es\/#\/schema\/logo\/image\/","url":"https:\/\/www.join-iad.com\/app\/uploads\/sites\/9\/2024\/02\/logo-iad-bleu.png","contentUrl":"https:\/\/www.join-iad.com\/app\/uploads\/sites\/9\/2024\/02\/logo-iad-bleu.png","width":823,"height":701,"caption":"iad"},"image":{"@id":"https:\/\/www.join-iad.com\/es\/#\/schema\/logo\/image\/"},"sameAs":["https:\/\/www.facebook.com\/iadfloridaofficial\/"]}]}},"_links":{"self":[{"href":"https:\/\/www.join-iad.com\/es\/wp-json\/wp\/v2\/pages\/22","targetHints":{"allow":["GET"]}}],"collection":[{"href":"https:\/\/www.join-iad.com\/es\/wp-json\/wp\/v2\/pages"}],"about":[{"href":"https:\/\/www.join-iad.com\/es\/wp-json\/wp\/v2\/types\/page"}],"author":[{"embeddable":true,"href":"https:\/\/www.join-iad.com\/es\/wp-json\/wp\/v2\/users\/42"}],"replies":[{"embeddable":true,"href":"https:\/\/www.join-iad.com\/es\/wp-json\/wp\/v2\/comments?post=22"}],"version-history":[{"count":7,"href":"https:\/\/www.join-iad.com\/es\/wp-json\/wp\/v2\/pages\/22\/revisions"}],"predecessor-version":[{"id":325,"href":"https:\/\/www.join-iad.com\/es\/wp-json\/wp\/v2\/pages\/22\/revisions\/325"}],"wp:attachment":[{"href":"https:\/\/www.join-iad.com\/es\/wp-json\/wp\/v2\/media?parent=22"}],"curies":[{"name":"wp","href":"https:\/\/api.w.org\/{rel}","templated":true}]}}