{"id":25,"date":"2024-01-29T15:49:51","date_gmt":"2024-01-29T14:49:51","guid":{"rendered":"https:\/\/www.join-iad.com\/es\/?page_id=25"},"modified":"2025-10-30T04:25:36","modified_gmt":"2025-10-30T08:25:36","slug":"beneficios","status":"publish","type":"page","link":"https:\/\/www.join-iad.com\/es\/beneficios\/","title":{"rendered":"Beneficios"},"content":{"rendered":"\n<h2 class=\"wp-block-heading alignwide has-text-align-center\">3 fuentes de ingresos para lograr tu <strong>libertad financiera<\/strong><\/h2>\n\n\n\n<div class=\"wp-block-media-text is-stacked-on-mobile is-vertically-aligned-center is-style-illustration-small\"><figure class=\"wp-block-media-text__media\"><img decoding=\"async\" src=\"https:\/\/www.join-iad.com\/app\/uploads\/sites\/8\/2023\/09\/transaction-fees.jpg\" alt=\"\" class=\"wp-image-410 size-medium\"\/><\/figure><div class=\"wp-block-media-text__content\">\n<h3 class=\"wp-block-heading is-style-h3\">1. Conserva tu dinero: del 81% al 100%<sup>(1)<\/sup> de la comisi\u00f3n para los asesores de la red<\/h3>\n\n\n\n<p>Nuestra misi\u00f3n es ayudar a todos a alcanzar la <strong>libertad financiera<\/strong> y animar a cada agente a desarrollar su propia organizaci\u00f3n. El modelo de reparto de ingresos depender\u00e1 de tus ingresos y de tu involucraci\u00f3n en el crecimiento de tu organizaci\u00f3n de negocio.<\/p>\n<\/div><\/div>\n\n\n\n<div class=\"wp-block-media-text alignwide has-media-on-the-right is-stacked-on-mobile is-vertically-aligned-top is-style-illustration-small\"><div class=\"wp-block-media-text__content\">\n<h3 class=\"wp-block-heading is-style-h3\">2. Ingresos de la organizaci\u00f3n en 5 niveles<\/h3>\n\n\n\n<p>Tienes la oportunidad de desarrollar tu organizaci\u00f3n a trav\u00e9s de nuestro exclusivo <strong>programa de mentor\u00eda <\/strong>y reparto de ingresos. Una organizaci\u00f3n se compone de personas a los que entrenas y apoyas en el desarrollo de sus habilidades y en c\u00f3mo ser un agente inmobiliario profesional. Tu papel como mentor es mostrarles el camino hacia el \u00e9xito. Cuando una transacci\u00f3n se cierra a trav\u00e9s de uno de tus asesores, t\u00fa <strong>recibir\u00e1s un porcentaje de la comisi\u00f3n a trav\u00e9s de 5 niveles <\/strong>de l\u00ednea descendente.&nbsp; <\/p>\n\n\n\n<div class=\"wp-block-buttons is-layout-flex wp-block-buttons-is-layout-flex\">\n<div class=\"wp-block-button is-style-arrow\"><a class=\"wp-block-button__link wp-element-button\" href=\"https:\/\/www.join-iad.com\/es\/sistema-de-mentoria\/\">Ver un exemplo<\/a><\/div>\n<\/div>\n<\/div><figure class=\"wp-block-media-text__media\"><img decoding=\"async\" src=\"https:\/\/uas.join-iad.com\/app\/uploads\/sites\/2\/2023\/01\/revenu-model-v4.jpg\" alt=\"\" class=\"wp-image-55484 size-medium\"\/><\/figure><\/div>\n\n\n\n<div class=\"wp-block-media-text is-stacked-on-mobile is-vertically-aligned-center is-style-illustration-small\"><figure class=\"wp-block-media-text__media\"><img decoding=\"async\" src=\"https:\/\/uas.join-iad.com\/app\/uploads\/sites\/2\/2023\/01\/business-recomendation-v4.svg\" alt=\"\" class=\"wp-image-55534 size-full\"\/><\/figure><div class=\"wp-block-media-text__content\">\n<h2 class=\"wp-block-heading is-style-h3\">3. Ingresos por referencias comerciales<\/h2>\n\n\n\n<p>Con uno de los mayores recuentos de agentes europeos, <strong>iad<\/strong> se encuentra en una posici\u00f3n \u00fanica para enviar una cantidad significativa de referidos a Estados Unidos.&nbsp; Disfrutar\u00e1s estableciendo contactos con agentes de Francia, Espa\u00f1a, Italia y otros pa\u00edses que tienen un gran inter\u00e9s en ayudarle a hacer crecer su negocio.<\/p>\n<\/div><\/div>\n\n\n\n<div class=\"wp-block-group alignfull wp-block-group--faq has-light-color has-primary-background-color has-text-color has-background\"><div class=\"wp-block-group__inner-container is-layout-flow wp-block-group-is-layout-flow\">\n<h2 class=\"wp-block-heading alignwide has-text-align-center\">Preguntas&nbsp;<strong>frecuentes<\/strong><\/h2>\n\n\n\n<div class=\"wp-block-beapi-faq-block\"><div class=\"faq__accordion\"><div class=\"faq__item\"><h3 class=\"faq__title\"><button class=\"faq__trigger\"><span>\u00bfPuedo aplicar si no tengo licencia inmobiliaria?<\/span><\/button><\/h3><div class=\"faq__panel\" role=\"region\"><p>S\u00ed, definitivamente puede asistir a una de nuestras Presentaciones de Oportunidad de Negocio en Florida, \u00a1incluso si todav\u00eda no tienes la licencia! Sin embargo, tendr\u00e1s que asistir a una escuela inmobiliaria con licencia en Florida y aprobar el examen inmobiliario de Florida, antes de unirte a <strong>iad<\/strong>.\u00a0 Despu\u00e9s de unirte a nosotros, te beneficiar\u00e1s de un completo programa de entrenamiento y capacitaci\u00f3n para agentes nuevos y experimentados por igual.<\/p><\/div><\/div><div class=\"faq__item\"><h3 class=\"faq__title\"><button class=\"faq__trigger\"><span>\u00bfOfrecen alg\u00fan mentor?\u00a0<\/span><\/button><\/h3><div class=\"faq__panel\" role=\"region\"><p>S\u00ed, cada agente recibe el apoyo y la formaci\u00f3n de su mentor a lo largo de todas las etapas de su aventura: desde el apoyo diario sobre campo cuando empiezas, hasta aprender a gestionar tu propio equipo en el futuro. Cada mentor est\u00e1 formado en t\u00e9cnicas de apoyo y coaching y recibe incentivos en funci\u00f3n de su \u00e9xito.<\/p><\/div><\/div><div class=\"faq__item\"><h3 class=\"faq__title\"><button class=\"faq__trigger\"><span>\u00bfCu\u00e1nto puedo ganar?\u00a0<\/span><\/button><\/h3><div class=\"faq__panel\" role=\"region\"><p>En <strong>iad<\/strong> no hablamos de salario porque no eres un empleado, eres un emprendedor. Tus ingresos s\u00f3lo est\u00e1n limitados al n\u00famero de propiedades que puedas vender cada mes. Cuantas m\u00e1s operaciones inmobiliarias cierres, m\u00e1s ganar\u00e1s.<\/p><\/div><\/div><div class=\"faq__item\"><h3 class=\"faq__title\"><button class=\"faq__trigger\"><span>\u00bfCu\u00e1les son los pasos para afiliarse a\u00a0iad?\u00a0<\/span><\/button><\/h3><div class=\"faq__panel\" role=\"region\"><p>Como profesional independiente trabajar\u00e1s por tu cuenta para TU negocio. No es s\u00f3lo una oferta de trabajo, \u00a1es una oportunidad para convertirte en tu propio jefe y alcanzar la libertad financiera!<br>Empezar\u00e1s tu aventura en <strong>iad<\/strong> asistiendo a una Presentaci\u00f3n de <strong>iad<\/strong> y si se ajusta a tus objetivos profesionales, \u00a1podr\u00e1s empezar inmediatamente!<\/p><\/div><\/div><div class=\"faq__item\"><h3 class=\"faq__title\"><button class=\"faq__trigger\"><span>\u00bfD\u00f3nde est\u00e1 su oficina?<\/span><\/button><\/h3><div class=\"faq__panel\" role=\"region\"><p>Tenemos una oficina central en Tampa, Florida con nuestro equipo HQ dedicado a nuestros agentes. Pero nuestros agentes pueden trabajar desde cualquier lugar y en cualquier momento. Algunos deciden trabajar desde casa y otros trabajan en equipo compartiendo espacios de coworking.<\/p><\/div><\/div><div class=\"faq__item\"><h3 class=\"faq__title\"><button class=\"faq__trigger\"><span>\u00bfAyudan con el marketing?<\/span><\/button><\/h3><div class=\"faq__panel\" role=\"region\"><p>Por supuesto. Disponemos de un completo centro de marketing donde podr\u00e1s encontrar dise\u00f1os, publicaciones en redes sociales, folletos, plantillas de emailing&#8230; Y gracias a nuestra completa tienda <strong>iad<\/strong>, podr\u00e1s personalizar tarjetas de presentaci\u00f3n, firmar contratos e incluso comprar art\u00edculos promocionales <strong>iad<\/strong> para tus clientes.\u00a0<\/p><\/div><\/div><\/div><\/div>\n<\/div><\/div>\n\n\n\n<h2 class=\"wp-block-heading is-style-h2 has-text-dark-color has-text-color\">\u00bfTienes m\u00e1s preguntas? <\/h2>\n\n\n\n<p class=\"is-style-default has-text-dark-color has-text-color\">Habla con un agente inmobiliario de <strong>iad<\/strong> o asiste a nuestra pr\u00f3xima presentaci\u00f3n de Oportunidad de Negocio.<\/p>\n\n\n\n<div class=\"wp-block-buttons is-layout-flex wp-block-buttons-is-layout-flex\">\n<div class=\"wp-block-button\"><a class=\"wp-block-button__link wp-element-button\" href=\"https:\/\/www.join-iad.com\/es\/form\/\">Cont\u00e1ctanos<\/a><\/div>\n<\/div>\n\n\n\n<div style=\"height:37px\" aria-hidden=\"true\" class=\"wp-block-spacer\"><\/div>\n\n\n\n<div class=\"wp-block-group alignwide\"><div class=\"wp-block-group__inner-container is-layout-flow wp-block-group-is-layout-flow\">\n<p class=\"is-style-extra-small\">1.&nbsp;&nbsp;&nbsp;&nbsp;&nbsp;&nbsp; Las comisiones de los agentes incluyen tanto la producci\u00f3n inmobiliaria individual como los ingresos de mentor\u00eda de su organizaci\u00f3n. Cada caso var\u00eda en funci\u00f3n de la producci\u00f3n y el involucramiento individual.<\/p>\n<\/div><\/div>\n","protected":false},"excerpt":{"rendered":"<p>Para potenciar el desarrollo de tu carrera inmobiliaria y permitirte alcanzar la creaci\u00f3n de riqueza, iad te ofrece tres fuentes de ingresos.<\/p>\n","protected":false},"author":42,"featured_media":0,"parent":0,"menu_order":0,"comment_status":"closed","ping_status":"closed","template":"","meta":{"_acf_changed":false,"editor_notices":[],"footnotes":""},"class_list":["post-25","page","type-page","status-publish","hentry"],"acf":[],"yoast_head":"<title>Remuneraci\u00f3n inmobiliaria: \u00a1ingresos a la altura de sus esfuerzos! | Join iad US<\/title>\n<meta name=\"description\" content=\"Para ayudarle a desarrollar su carrera inmobiliaria y crear riqueza, iad le ofrece tres fuentes de ingresos. \u00a1Aprov\u00e9chelas al m\u00e1ximo!\" \/>\n<meta name=\"robots\" content=\"index, follow, max-snippet:-1, max-image-preview:large, max-video-preview:-1\" \/>\n<link rel=\"canonical\" href=\"https:\/\/www.join-iad.com\/es\/beneficios\/\" \/>\n<meta property=\"og:locale\" content=\"es_ES\" \/>\n<meta property=\"og:type\" content=\"article\" \/>\n<meta property=\"og:title\" content=\"Remuneraci\u00f3n inmobiliaria: \u00a1ingresos a la altura de sus esfuerzos! | Join iad US\" \/>\n<meta property=\"og:description\" content=\"Para ayudarle a desarrollar su carrera inmobiliaria y crear riqueza, iad le ofrece tres fuentes de ingresos. \u00a1Aprov\u00e9chelas al m\u00e1ximo!\" \/>\n<meta property=\"og:url\" content=\"https:\/\/www.join-iad.com\/es\/beneficios\/\" \/>\n<meta property=\"og:site_name\" content=\"Join iad US\" \/>\n<meta property=\"article:publisher\" content=\"https:\/\/www.facebook.com\/iadfloridaofficial\/\" \/>\n<meta property=\"article:modified_time\" content=\"2025-10-30T08:25:36+00:00\" \/>\n<meta name=\"twitter:card\" content=\"summary_large_image\" \/>\n<meta name=\"twitter:label1\" content=\"Est. reading time\" \/>\n\t<meta name=\"twitter:data1\" content=\"4 minutos\" \/>\n<script type=\"application\/ld+json\" class=\"yoast-schema-graph\">{\"@context\":\"https:\/\/schema.org\",\"@graph\":[{\"@type\":[\"WebPage\",\"FAQPage\"],\"@id\":\"https:\/\/www.join-iad.com\/es\/beneficios\/\",\"url\":\"https:\/\/www.join-iad.com\/es\/beneficios\/\",\"name\":\"Remuneraci\u00f3n inmobiliaria: \u00a1ingresos a la altura de sus esfuerzos! | Join iad US\",\"isPartOf\":{\"@id\":\"https:\/\/www.join-iad.com\/es\/#website\"},\"primaryImageOfPage\":{\"@id\":\"https:\/\/www.join-iad.com\/es\/beneficios\/#primaryimage\"},\"image\":{\"@id\":\"https:\/\/www.join-iad.com\/es\/beneficios\/#primaryimage\"},\"thumbnailUrl\":\"https:\/\/www.join-iad.com\/app\/uploads\/sites\/8\/2023\/09\/transaction-fees.jpg\",\"datePublished\":\"2024-01-29T14:49:51+00:00\",\"dateModified\":\"2025-10-30T08:25:36+00:00\",\"description\":\"Para ayudarle a desarrollar su carrera inmobiliaria y crear riqueza, iad le ofrece tres fuentes de ingresos. \u00a1Aprov\u00e9chelas al m\u00e1ximo!\",\"breadcrumb\":{\"@id\":\"https:\/\/www.join-iad.com\/es\/beneficios\/#breadcrumb\"},\"mainEntity\":[{\"@id\":\"https:\/\/www.join-iad.com\/es\/beneficios\/#faq-1687517825176\"},{\"@id\":\"https:\/\/www.join-iad.com\/es\/beneficios\/#faq-1687517836319\"},{\"@id\":\"https:\/\/www.join-iad.com\/es\/beneficios\/#faq-1687517851469\"},{\"@id\":\"https:\/\/www.join-iad.com\/es\/beneficios\/#faq-1687517880975\"},{\"@id\":\"https:\/\/www.join-iad.com\/es\/beneficios\/#faq-1687517894243\"},{\"@id\":\"https:\/\/www.join-iad.com\/es\/beneficios\/#faq-1687517905959\"}],\"inLanguage\":\"es\",\"potentialAction\":[{\"@type\":\"ReadAction\",\"target\":[\"https:\/\/www.join-iad.com\/es\/beneficios\/\"]}]},{\"@type\":\"ImageObject\",\"inLanguage\":\"es\",\"@id\":\"https:\/\/www.join-iad.com\/es\/beneficios\/#primaryimage\",\"url\":\"https:\/\/www.join-iad.com\/app\/uploads\/sites\/8\/2023\/09\/transaction-fees.jpg\",\"contentUrl\":\"https:\/\/www.join-iad.com\/app\/uploads\/sites\/8\/2023\/09\/transaction-fees.jpg\"},{\"@type\":\"BreadcrumbList\",\"@id\":\"https:\/\/www.join-iad.com\/es\/beneficios\/#breadcrumb\",\"itemListElement\":[{\"@type\":\"ListItem\",\"position\":1,\"name\":\"Home\",\"item\":\"https:\/\/www.join-iad.com\/es\/\"},{\"@type\":\"ListItem\",\"position\":2,\"name\":\"Beneficios\"}]},{\"@type\":\"WebSite\",\"@id\":\"https:\/\/www.join-iad.com\/es\/#website\",\"url\":\"https:\/\/www.join-iad.com\/es\/\",\"name\":\"Join iad US\",\"description\":\"Convi\u00e9rtase en agente inmobiliario independiente con iad\",\"publisher\":{\"@id\":\"https:\/\/www.join-iad.com\/es\/#organization\"},\"potentialAction\":[{\"@type\":\"SearchAction\",\"target\":{\"@type\":\"EntryPoint\",\"urlTemplate\":\"https:\/\/www.join-iad.com\/es\/?s={search_term_string}\"},\"query-input\":{\"@type\":\"PropertyValueSpecification\",\"valueRequired\":true,\"valueName\":\"search_term_string\"}}],\"inLanguage\":\"es\"},{\"@type\":\"Organization\",\"@id\":\"https:\/\/www.join-iad.com\/es\/#organization\",\"name\":\"iad\",\"url\":\"https:\/\/www.join-iad.com\/es\/\",\"logo\":{\"@type\":\"ImageObject\",\"inLanguage\":\"es\",\"@id\":\"https:\/\/www.join-iad.com\/es\/#\/schema\/logo\/image\/\",\"url\":\"https:\/\/www.join-iad.com\/app\/uploads\/sites\/9\/2024\/02\/logo-iad-bleu.png\",\"contentUrl\":\"https:\/\/www.join-iad.com\/app\/uploads\/sites\/9\/2024\/02\/logo-iad-bleu.png\",\"width\":823,\"height\":701,\"caption\":\"iad\"},\"image\":{\"@id\":\"https:\/\/www.join-iad.com\/es\/#\/schema\/logo\/image\/\"},\"sameAs\":[\"https:\/\/www.facebook.com\/iadfloridaofficial\/\"]},{\"@type\":\"Question\",\"@id\":\"https:\/\/www.join-iad.com\/es\/beneficios\/#faq-1687517825176\",\"position\":1,\"url\":\"https:\/\/www.join-iad.com\/es\/beneficios\/#faq-1687517825176\",\"name\":\"\u00bfPuedo aplicar si no tengo licencia inmobiliaria?\",\"answerCount\":1,\"acceptedAnswer\":{\"@type\":\"Answer\",\"text\":\"S\u00ed, definitivamente puede asistir a una de nuestras Presentaciones de Oportunidad de Negocio en Florida, \u00a1incluso si todav\u00eda no tienes la licencia! Sin embargo, tendr\u00e1s que asistir a una escuela inmobiliaria con licencia en Florida y aprobar el examen inmobiliario de Florida, antes de unirte a iad.\u00a0 Despu\u00e9s de unirte a nosotros, te beneficiar\u00e1s de un completo programa de entrenamiento y capacitaci\u00f3n para agentes nuevos y experimentados por igual.\",\"inLanguage\":\"es\"},\"inLanguage\":\"es\"},{\"@type\":\"Question\",\"@id\":\"https:\/\/www.join-iad.com\/es\/beneficios\/#faq-1687517836319\",\"position\":2,\"url\":\"https:\/\/www.join-iad.com\/es\/beneficios\/#faq-1687517836319\",\"name\":\"\u00bfOfrecen alg\u00fan mentor?\u00a0\",\"answerCount\":1,\"acceptedAnswer\":{\"@type\":\"Answer\",\"text\":\"S\u00ed, cada agente recibe el apoyo y la formaci\u00f3n de su mentor a lo largo de todas las etapas de su aventura: desde el apoyo diario sobre campo cuando empiezas, hasta aprender a gestionar tu propio equipo en el futuro. Cada mentor est\u00e1 formado en t\u00e9cnicas de apoyo y coaching y recibe incentivos en funci\u00f3n de su \u00e9xito.\",\"inLanguage\":\"es\"},\"inLanguage\":\"es\"},{\"@type\":\"Question\",\"@id\":\"https:\/\/www.join-iad.com\/es\/beneficios\/#faq-1687517851469\",\"position\":3,\"url\":\"https:\/\/www.join-iad.com\/es\/beneficios\/#faq-1687517851469\",\"name\":\"\u00bfCu\u00e1nto puedo ganar?\u00a0\",\"answerCount\":1,\"acceptedAnswer\":{\"@type\":\"Answer\",\"text\":\"En iad no hablamos de salario porque no eres un empleado, eres un emprendedor. Tus ingresos s\u00f3lo est\u00e1n limitados al n\u00famero de propiedades que puedas vender cada mes. Cuantas m\u00e1s operaciones inmobiliarias cierres, m\u00e1s ganar\u00e1s.\",\"inLanguage\":\"es\"},\"inLanguage\":\"es\"},{\"@type\":\"Question\",\"@id\":\"https:\/\/www.join-iad.com\/es\/beneficios\/#faq-1687517880975\",\"position\":4,\"url\":\"https:\/\/www.join-iad.com\/es\/beneficios\/#faq-1687517880975\",\"name\":\"\u00bfCu\u00e1les son los pasos para afiliarse a\u00a0iad?\u00a0\",\"answerCount\":1,\"acceptedAnswer\":{\"@type\":\"Answer\",\"text\":\"Como profesional independiente trabajar\u00e1s por tu cuenta para TU negocio. No es s\u00f3lo una oferta de trabajo, \u00a1es una oportunidad para convertirte en tu propio jefe y alcanzar la libertad financiera!Empezar\u00e1s tu aventura en iad asistiendo a una Presentaci\u00f3n de iad y si se ajusta a tus objetivos profesionales, \u00a1podr\u00e1s empezar inmediatamente!\",\"inLanguage\":\"es\"},\"inLanguage\":\"es\"},{\"@type\":\"Question\",\"@id\":\"https:\/\/www.join-iad.com\/es\/beneficios\/#faq-1687517894243\",\"position\":5,\"url\":\"https:\/\/www.join-iad.com\/es\/beneficios\/#faq-1687517894243\",\"name\":\"\u00bfD\u00f3nde est\u00e1 su oficina?\",\"answerCount\":1,\"acceptedAnswer\":{\"@type\":\"Answer\",\"text\":\"Tenemos una oficina central en Tampa, Florida con nuestro equipo HQ dedicado a nuestros agentes. Pero nuestros agentes pueden trabajar desde cualquier lugar y en cualquier momento. Algunos deciden trabajar desde casa y otros trabajan en equipo compartiendo espacios de coworking.\",\"inLanguage\":\"es\"},\"inLanguage\":\"es\"},{\"@type\":\"Question\",\"@id\":\"https:\/\/www.join-iad.com\/es\/beneficios\/#faq-1687517905959\",\"position\":6,\"url\":\"https:\/\/www.join-iad.com\/es\/beneficios\/#faq-1687517905959\",\"name\":\"\u00bfAyudan con el marketing?\",\"answerCount\":1,\"acceptedAnswer\":{\"@type\":\"Answer\",\"text\":\"Por supuesto. Disponemos de un completo centro de marketing donde podr\u00e1s encontrar dise\u00f1os, publicaciones en redes sociales, folletos, plantillas de emailing... Y gracias a nuestra completa tienda iad, podr\u00e1s personalizar tarjetas de presentaci\u00f3n, firmar contratos e incluso comprar art\u00edculos promocionales iad para tus clientes.\u00a0\",\"inLanguage\":\"es\"},\"inLanguage\":\"es\"}]}<\/script>","yoast_head_json":{"title":"Remuneraci\u00f3n inmobiliaria: \u00a1ingresos a la altura de sus esfuerzos! | Join iad US","description":"Para ayudarle a desarrollar su carrera inmobiliaria y crear riqueza, iad le ofrece tres fuentes de ingresos. \u00a1Aprov\u00e9chelas al m\u00e1ximo!","robots":{"index":"index","follow":"follow","max-snippet":"max-snippet:-1","max-image-preview":"max-image-preview:large","max-video-preview":"max-video-preview:-1"},"canonical":"https:\/\/www.join-iad.com\/es\/beneficios\/","og_locale":"es_ES","og_type":"article","og_title":"Remuneraci\u00f3n inmobiliaria: \u00a1ingresos a la altura de sus esfuerzos! | Join iad US","og_description":"Para ayudarle a desarrollar su carrera inmobiliaria y crear riqueza, iad le ofrece tres fuentes de ingresos. \u00a1Aprov\u00e9chelas al m\u00e1ximo!","og_url":"https:\/\/www.join-iad.com\/es\/beneficios\/","og_site_name":"Join iad US","article_publisher":"https:\/\/www.facebook.com\/iadfloridaofficial\/","article_modified_time":"2025-10-30T08:25:36+00:00","twitter_card":"summary_large_image","twitter_misc":{"Est. reading time":"4 minutos"},"schema":{"@context":"https:\/\/schema.org","@graph":[{"@type":["WebPage","FAQPage"],"@id":"https:\/\/www.join-iad.com\/es\/beneficios\/","url":"https:\/\/www.join-iad.com\/es\/beneficios\/","name":"Remuneraci\u00f3n inmobiliaria: \u00a1ingresos a la altura de sus esfuerzos! | Join iad US","isPartOf":{"@id":"https:\/\/www.join-iad.com\/es\/#website"},"primaryImageOfPage":{"@id":"https:\/\/www.join-iad.com\/es\/beneficios\/#primaryimage"},"image":{"@id":"https:\/\/www.join-iad.com\/es\/beneficios\/#primaryimage"},"thumbnailUrl":"https:\/\/www.join-iad.com\/app\/uploads\/sites\/8\/2023\/09\/transaction-fees.jpg","datePublished":"2024-01-29T14:49:51+00:00","dateModified":"2025-10-30T08:25:36+00:00","description":"Para ayudarle a desarrollar su carrera inmobiliaria y crear riqueza, iad le ofrece tres fuentes de ingresos. \u00a1Aprov\u00e9chelas al m\u00e1ximo!","breadcrumb":{"@id":"https:\/\/www.join-iad.com\/es\/beneficios\/#breadcrumb"},"mainEntity":[{"@id":"https:\/\/www.join-iad.com\/es\/beneficios\/#faq-1687517825176"},{"@id":"https:\/\/www.join-iad.com\/es\/beneficios\/#faq-1687517836319"},{"@id":"https:\/\/www.join-iad.com\/es\/beneficios\/#faq-1687517851469"},{"@id":"https:\/\/www.join-iad.com\/es\/beneficios\/#faq-1687517880975"},{"@id":"https:\/\/www.join-iad.com\/es\/beneficios\/#faq-1687517894243"},{"@id":"https:\/\/www.join-iad.com\/es\/beneficios\/#faq-1687517905959"}],"inLanguage":"es","potentialAction":[{"@type":"ReadAction","target":["https:\/\/www.join-iad.com\/es\/beneficios\/"]}]},{"@type":"ImageObject","inLanguage":"es","@id":"https:\/\/www.join-iad.com\/es\/beneficios\/#primaryimage","url":"https:\/\/www.join-iad.com\/app\/uploads\/sites\/8\/2023\/09\/transaction-fees.jpg","contentUrl":"https:\/\/www.join-iad.com\/app\/uploads\/sites\/8\/2023\/09\/transaction-fees.jpg"},{"@type":"BreadcrumbList","@id":"https:\/\/www.join-iad.com\/es\/beneficios\/#breadcrumb","itemListElement":[{"@type":"ListItem","position":1,"name":"Home","item":"https:\/\/www.join-iad.com\/es\/"},{"@type":"ListItem","position":2,"name":"Beneficios"}]},{"@type":"WebSite","@id":"https:\/\/www.join-iad.com\/es\/#website","url":"https:\/\/www.join-iad.com\/es\/","name":"Join iad US","description":"Convi\u00e9rtase en agente inmobiliario independiente con iad","publisher":{"@id":"https:\/\/www.join-iad.com\/es\/#organization"},"potentialAction":[{"@type":"SearchAction","target":{"@type":"EntryPoint","urlTemplate":"https:\/\/www.join-iad.com\/es\/?s={search_term_string}"},"query-input":{"@type":"PropertyValueSpecification","valueRequired":true,"valueName":"search_term_string"}}],"inLanguage":"es"},{"@type":"Organization","@id":"https:\/\/www.join-iad.com\/es\/#organization","name":"iad","url":"https:\/\/www.join-iad.com\/es\/","logo":{"@type":"ImageObject","inLanguage":"es","@id":"https:\/\/www.join-iad.com\/es\/#\/schema\/logo\/image\/","url":"https:\/\/www.join-iad.com\/app\/uploads\/sites\/9\/2024\/02\/logo-iad-bleu.png","contentUrl":"https:\/\/www.join-iad.com\/app\/uploads\/sites\/9\/2024\/02\/logo-iad-bleu.png","width":823,"height":701,"caption":"iad"},"image":{"@id":"https:\/\/www.join-iad.com\/es\/#\/schema\/logo\/image\/"},"sameAs":["https:\/\/www.facebook.com\/iadfloridaofficial\/"]},{"@type":"Question","@id":"https:\/\/www.join-iad.com\/es\/beneficios\/#faq-1687517825176","position":1,"url":"https:\/\/www.join-iad.com\/es\/beneficios\/#faq-1687517825176","name":"\u00bfPuedo aplicar si no tengo licencia inmobiliaria?","answerCount":1,"acceptedAnswer":{"@type":"Answer","text":"S\u00ed, definitivamente puede asistir a una de nuestras Presentaciones de Oportunidad de Negocio en Florida, \u00a1incluso si todav\u00eda no tienes la licencia! Sin embargo, tendr\u00e1s que asistir a una escuela inmobiliaria con licencia en Florida y aprobar el examen inmobiliario de Florida, antes de unirte a iad.\u00a0 Despu\u00e9s de unirte a nosotros, te beneficiar\u00e1s de un completo programa de entrenamiento y capacitaci\u00f3n para agentes nuevos y experimentados por igual.","inLanguage":"es"},"inLanguage":"es"},{"@type":"Question","@id":"https:\/\/www.join-iad.com\/es\/beneficios\/#faq-1687517836319","position":2,"url":"https:\/\/www.join-iad.com\/es\/beneficios\/#faq-1687517836319","name":"\u00bfOfrecen alg\u00fan mentor?\u00a0","answerCount":1,"acceptedAnswer":{"@type":"Answer","text":"S\u00ed, cada agente recibe el apoyo y la formaci\u00f3n de su mentor a lo largo de todas las etapas de su aventura: desde el apoyo diario sobre campo cuando empiezas, hasta aprender a gestionar tu propio equipo en el futuro. Cada mentor est\u00e1 formado en t\u00e9cnicas de apoyo y coaching y recibe incentivos en funci\u00f3n de su \u00e9xito.","inLanguage":"es"},"inLanguage":"es"},{"@type":"Question","@id":"https:\/\/www.join-iad.com\/es\/beneficios\/#faq-1687517851469","position":3,"url":"https:\/\/www.join-iad.com\/es\/beneficios\/#faq-1687517851469","name":"\u00bfCu\u00e1nto puedo ganar?\u00a0","answerCount":1,"acceptedAnswer":{"@type":"Answer","text":"En iad no hablamos de salario porque no eres un empleado, eres un emprendedor. Tus ingresos s\u00f3lo est\u00e1n limitados al n\u00famero de propiedades que puedas vender cada mes. Cuantas m\u00e1s operaciones inmobiliarias cierres, m\u00e1s ganar\u00e1s.","inLanguage":"es"},"inLanguage":"es"},{"@type":"Question","@id":"https:\/\/www.join-iad.com\/es\/beneficios\/#faq-1687517880975","position":4,"url":"https:\/\/www.join-iad.com\/es\/beneficios\/#faq-1687517880975","name":"\u00bfCu\u00e1les son los pasos para afiliarse a\u00a0iad?\u00a0","answerCount":1,"acceptedAnswer":{"@type":"Answer","text":"Como profesional independiente trabajar\u00e1s por tu cuenta para TU negocio. No es s\u00f3lo una oferta de trabajo, \u00a1es una oportunidad para convertirte en tu propio jefe y alcanzar la libertad financiera!Empezar\u00e1s tu aventura en iad asistiendo a una Presentaci\u00f3n de iad y si se ajusta a tus objetivos profesionales, \u00a1podr\u00e1s empezar inmediatamente!","inLanguage":"es"},"inLanguage":"es"},{"@type":"Question","@id":"https:\/\/www.join-iad.com\/es\/beneficios\/#faq-1687517894243","position":5,"url":"https:\/\/www.join-iad.com\/es\/beneficios\/#faq-1687517894243","name":"\u00bfD\u00f3nde est\u00e1 su oficina?","answerCount":1,"acceptedAnswer":{"@type":"Answer","text":"Tenemos una oficina central en Tampa, Florida con nuestro equipo HQ dedicado a nuestros agentes. Pero nuestros agentes pueden trabajar desde cualquier lugar y en cualquier momento. Algunos deciden trabajar desde casa y otros trabajan en equipo compartiendo espacios de coworking.","inLanguage":"es"},"inLanguage":"es"},{"@type":"Question","@id":"https:\/\/www.join-iad.com\/es\/beneficios\/#faq-1687517905959","position":6,"url":"https:\/\/www.join-iad.com\/es\/beneficios\/#faq-1687517905959","name":"\u00bfAyudan con el marketing?","answerCount":1,"acceptedAnswer":{"@type":"Answer","text":"Por supuesto. Disponemos de un completo centro de marketing donde podr\u00e1s encontrar dise\u00f1os, publicaciones en redes sociales, folletos, plantillas de emailing... Y gracias a nuestra completa tienda iad, podr\u00e1s personalizar tarjetas de presentaci\u00f3n, firmar contratos e incluso comprar art\u00edculos promocionales iad para tus clientes.\u00a0","inLanguage":"es"},"inLanguage":"es"}]}},"_links":{"self":[{"href":"https:\/\/www.join-iad.com\/es\/wp-json\/wp\/v2\/pages\/25","targetHints":{"allow":["GET"]}}],"collection":[{"href":"https:\/\/www.join-iad.com\/es\/wp-json\/wp\/v2\/pages"}],"about":[{"href":"https:\/\/www.join-iad.com\/es\/wp-json\/wp\/v2\/types\/page"}],"author":[{"embeddable":true,"href":"https:\/\/www.join-iad.com\/es\/wp-json\/wp\/v2\/users\/42"}],"replies":[{"embeddable":true,"href":"https:\/\/www.join-iad.com\/es\/wp-json\/wp\/v2\/comments?post=25"}],"version-history":[{"count":10,"href":"https:\/\/www.join-iad.com\/es\/wp-json\/wp\/v2\/pages\/25\/revisions"}],"predecessor-version":[{"id":458,"href":"https:\/\/www.join-iad.com\/es\/wp-json\/wp\/v2\/pages\/25\/revisions\/458"}],"wp:attachment":[{"href":"https:\/\/www.join-iad.com\/es\/wp-json\/wp\/v2\/media?parent=25"}],"curies":[{"name":"wp","href":"https:\/\/api.w.org\/{rel}","templated":true}]}}