{"id":57,"date":"2024-01-29T16:53:41","date_gmt":"2024-01-29T15:53:41","guid":{"rendered":"https:\/\/www.join-iad.com\/es\/?page_id=57"},"modified":"2025-10-30T04:09:35","modified_gmt":"2025-10-30T08:09:35","slug":"la-red-iad","status":"publish","type":"page","link":"https:\/\/www.join-iad.com\/es\/la-red-iad\/","title":{"rendered":"La red iad"},"content":{"rendered":"\n<h2 class=\"wp-block-heading alignwide has-text-align-center\">Ser <strong>emprendedor<\/strong> en iad significa compartir mucho m\u00e1s que un trabajo<\/h2>\n\n\n\n<div class=\"wp-block-columns alignwide is-layout-flex wp-container-core-columns-is-layout-9d6595d7 wp-block-columns-is-layout-flex\">\n<div class=\"wp-block-column is-layout-flow wp-block-column-is-layout-flow\">\n<figure class=\"wp-block-image size-full\"><img decoding=\"async\" src=\"https:\/\/www.join-iad.com\/app\/uploads\/sites\/8\/2023\/08\/workspace-premium-fill0-wght300-grad0-opsz48-1.png\" alt=\"\" class=\"wp-image-342\"\/><\/figure>\n\n\n\n<p class=\"has-text-align-center is-style-h4 has-text-dark-color has-text-color\">Las personas son lo primero<\/p>\n\n\n\n<p class=\"has-text-align-center is-style-extra-small\">En <strong>iad<\/strong>, nos une la misma pasi\u00f3n: La humanidad, y nos basamos en valores s\u00f3lidos para trabajar en total armon\u00eda y ofrecer un nivel \u00f3ptimo de servicio a los clientes a los que acompa\u00f1amos en una de las decisiones m\u00e1s importantes de su vida.<\/p>\n<\/div>\n\n\n\n<div class=\"wp-block-column is-layout-flow wp-block-column-is-layout-flow\">\n<figure class=\"wp-block-image size-full\"><img decoding=\"async\" src=\"https:\/\/www.join-iad.com\/app\/uploads\/sites\/8\/2023\/08\/diversity-1-fill0-wght300-grad0-opsz48.png\" alt=\"\" class=\"wp-image-343\"\/><\/figure>\n\n\n\n<p class=\"has-text-align-center is-style-h4 has-text-dark-color has-text-color\">Una red mundial<\/p>\n\n\n\n<p class=\"has-text-align-center is-style-extra-small\">En <strong>iad<\/strong>, tendr\u00e1s la oportunidad de desarrollar tu negocio en Florida, pero tambi\u00e9n a nivel internacional, \u00a1desarrollando tu equipo en M\u00e9xico, Francia, Portugal, Italia, Espa\u00f1a, Alemania y el Reino Unido!<\/p>\n<\/div>\n\n\n\n<div class=\"wp-block-column is-layout-flow wp-block-column-is-layout-flow\">\n<figure class=\"wp-block-image size-full\"><img decoding=\"async\" src=\"https:\/\/www.join-iad.com\/app\/uploads\/sites\/8\/2023\/08\/celebration-fill0-wght300-grad0-opsz48.png\" alt=\"\" class=\"wp-image-344\"\/><\/figure>\n\n\n\n<p class=\"has-text-align-center is-style-h4 has-text-dark-color has-text-color\">Eventos excepcionales<\/p>\n\n\n\n<p class=\"has-text-align-center is-style-extra-small\">Ya sea para celebrar resultados, unir agentes o formar a tu equipo; \u00a1los eventos de <strong>iad<\/strong> son siempre imprescindibles!<\/p>\n<\/div>\n<\/div>\n\n\n\n<h2 class=\"wp-block-heading has-text-align-center\">Nuestros 8 valores clave<\/h2>\n\n\n\n<div class=\"wp-block-columns is-layout-flex wp-container-core-columns-is-layout-9d6595d7 wp-block-columns-is-layout-flex\">\n<div class=\"wp-block-column is-layout-flow wp-block-column-is-layout-flow\">\n<h5 class=\"wp-block-heading has-text-align-center is-style-h4 has-text-dark-color has-text-color\"><strong> Profesionalismo <\/strong><\/h5>\n\n\n\n<p class=\"has-text-align-center\">Nuestro objetivo es ofrecer un alto nivel de servicio a nuestros clientes<\/p>\n\n\n\n<h5 class=\"wp-block-heading has-text-align-center is-style-h4 has-text-dark-color has-text-color\"><strong> Confianza <\/strong><\/h5>\n\n\n\n<p class=\"has-text-align-center\">Es la base del \u00abecosistema <strong>iad<\/strong>\u00ab<\/p>\n\n\n\n<h5 class=\"wp-block-heading has-text-align-center is-style-h4 has-text-dark-color has-text-color\"><strong> Humildad <\/strong><\/h5>\n\n\n\n<p class=\"has-text-align-center\">Todos los miembros de la organizaci\u00f3n, independientemente de su nivel, deben ser humildes y accesibles<\/p>\n\n\n\n<h5 class=\"wp-block-heading has-text-align-center is-style-h4 has-text-dark-color has-text-color\"><strong> Unidad <\/strong><\/h5>\n\n\n\n<p class=\"has-text-align-center\">Todos formamos parte de la familia <strong>iad<\/strong>, una familia en la que todos actuamos por y para los dem\u00e1s<\/p>\n<\/div>\n\n\n\n<div class=\"wp-block-column is-layout-flow wp-block-column-is-layout-flow\">\n<h5 class=\"wp-block-heading has-text-align-center is-style-h4 has-text-dark-color has-text-color\"><strong> Valent\u00eda <\/strong><\/h5>\n\n\n\n<p class=\"has-text-align-center\">Para todos aquellos que han cambiado su vida con <strong>iad<\/strong> y van m\u00e1s all\u00e1 de s\u00ed mismos cada d\u00eda<\/p>\n\n\n\n<h5 class=\"wp-block-heading has-text-align-center is-style-h4 has-text-dark-color has-text-color\"><strong> Sabidur\u00eda <\/strong><\/h5>\n\n\n\n<p class=\"has-text-align-center\">Siempre anteponemos el di\u00e1logo al conflicto<\/p>\n\n\n\n<h5 class=\"wp-block-heading has-text-align-center is-style-h4 has-text-dark-color has-text-color\"><strong> Lealtad <\/strong><\/h5>\n\n\n\n<p class=\"has-text-align-center\">Todos actuamos juntos por el inter\u00e9s de los agentes, y los agentes por el \u00e9xito de la red<\/p>\n\n\n\n<h5 class=\"wp-block-heading has-text-align-center is-style-h4 has-text-dark-color has-text-color\"><strong> Compartir <\/strong><\/h5>\n\n\n\n<p class=\"has-text-align-center\">Creemos en compartir habilidades y conocimientos para construir juntos nuestro \u00e9xito<\/p>\n<\/div>\n<\/div>\n\n\n\n<h2 class=\"wp-block-heading alignwide has-text-align-center\">\u00danete a una <strong>red inmobiliaria mundial<\/strong> con ra\u00edces europeas<\/h2>\n\n\n\n<p class=\"has-text-align-center\">70% europeos, 30% americanos&#8230; \u00a1pero esto es s\u00f3lo el principio!<br><strong>iad<\/strong> es una de las marcas inmobiliarias de m\u00e1s r\u00e1pido crecimiento que se ha extendido con \u00e9xito durante los \u00faltimos 15 a\u00f1os con 18,000 agentes en todo el mundo.<\/p>\n\n\n\n<div class=\"wp-block-columns is-layout-flex wp-container-core-columns-is-layout-9d6595d7 wp-block-columns-is-layout-flex\">\n<div class=\"wp-block-column is-layout-flow wp-block-column-is-layout-flow\" style=\"flex-basis:50%\">\n<div class=\"wp-block-columns is-layout-flex wp-container-core-columns-is-layout-9d6595d7 wp-block-columns-is-layout-flex\">\n<div class=\"wp-block-column is-layout-flow wp-block-column-is-layout-flow\" style=\"flex-basis:100%\">\n<figure class=\"wp-block-image size-large is-resized\"><img decoding=\"async\" src=\"https:\/\/www.join-iad.com\/app\/uploads\/sites\/8\/2023\/06\/map-florida.svg\" alt=\"\" class=\"wp-image-248\" style=\"width:270px;height:270px\"\/><\/figure>\n<\/div>\n<\/div>\n<\/div>\n\n\n\n<div class=\"wp-block-column is-layout-flow wp-block-column-is-layout-flow\" style=\"flex-basis:50%\">\n<figure class=\"wp-block-image size-large is-resized\"><img decoding=\"async\" src=\"https:\/\/www.join-iad.com\/app\/uploads\/sites\/8\/2023\/06\/map-international-florida-1.svg\" alt=\"\" class=\"wp-image-254\" style=\"width:323px;height:323px\"\/><\/figure>\n<\/div>\n<\/div>\n\n\n\n<div style=\"height:100px\" aria-hidden=\"true\" class=\"wp-block-spacer\"><\/div>\n\n\n\n<div class=\"wp-block-columns alignwide is-layout-flex wp-container-core-columns-is-layout-9d6595d7 wp-block-columns-is-layout-flex\">\n<div class=\"wp-block-column is-layout-flow wp-block-column-is-layout-flow\">\n<h2 class=\"wp-block-heading\">Los eventos de <strong>iad<\/strong>, un momento para <strong>compartir<\/strong> dentro de la red<\/h2>\n\n\n\n<p>Para fomentar la colaboraci\u00f3n, unir a los agentes y celebrar los resultados, cada a\u00f1o se organizan varios eventos :<\/p>\n\n\n\n<ul class=\"wp-block-list\">\n<li>La Convenci\u00f3n Nacional<\/li>\n\n\n\n<li>IWC : iad World Challenge<\/li>\n<\/ul>\n\n\n\n<p>Estos encuentros son verdaderos momentos de convivencia y de celebraci\u00f3n y son muy esperados por los iadians.<\/p>\n<\/div>\n\n\n\n<div class=\"wp-block-column is-layout-flow wp-block-column-is-layout-flow\">\n<figure class=\"wp-block-gallery has-nested-images columns-default is-cropped wp-block-gallery-1 is-layout-flex wp-block-gallery-is-layout-flex\">\n<figure class=\"wp-block-image size-large\"><img decoding=\"async\" data-id=\"339\" src=\"https:\/\/uas.join-iad.com\/app\/uploads\/sites\/2\/2020\/09\/convention-1024x683.jpg\" alt=\"Convention annuelle du r\u00e9seau immobilier iad\" class=\"wp-image-339\"\/><\/figure>\n<\/figure>\n<\/div>\n<\/div>\n\n\n\n<h2 class=\"wp-block-heading alignwide has-text-align-center\">\u00danete a una comunidad <strong>internacional<\/strong> fuerte<\/h2>\n\n\n\n<p class=\"has-text-align-center is-style-large\">Un recorrido a los \u00faltimos eventos organizados por la red <strong>iad<\/strong><\/p>\n\n\n\n<div class=\"wp-block-columns alignwide are-vertically-aligned-center is-layout-flex wp-container-core-columns-is-layout-9d6595d7 wp-block-columns-is-layout-flex\">\n<div class=\"wp-block-column is-vertically-aligned-center is-layout-flow wp-block-column-is-layout-flow\">\n<figure class=\"wp-block-embed is-type-video is-provider-youtube wp-block-embed-youtube wp-embed-aspect-16-9 wp-has-aspect-ratio\"><div class=\"wp-block-embed__wrapper\">\n<iframe loading=\"lazy\" title=\"2023 iad National Conventions\" width=\"500\" height=\"281\" src=\"https:\/\/www.youtube.com\/embed\/Tr1k5g0ebsU?feature=oembed\" frameborder=\"0\" allow=\"accelerometer; autoplay; clipboard-write; encrypted-media; gyroscope; picture-in-picture; web-share\" referrerpolicy=\"strict-origin-when-cross-origin\" allowfullscreen><\/iframe>\n<\/div><\/figure>\n\n\n\n<p class=\"is-style-default has-text-dark-color has-text-color\"><strong>iad<\/strong> Convenci\u00f3n Nacional 2023<\/p>\n<\/div>\n\n\n\n<div class=\"wp-block-column is-vertically-aligned-center is-layout-flow wp-block-column-is-layout-flow\">\n<figure class=\"wp-block-embed is-type-video is-provider-youtube wp-block-embed-youtube wp-embed-aspect-16-9 wp-has-aspect-ratio\"><div class=\"wp-block-embed__wrapper\">\n<iframe loading=\"lazy\" title=\"Take me bakc to : IWC 2023 - South Africa\" width=\"500\" height=\"281\" src=\"https:\/\/www.youtube.com\/embed\/dl49k18KAl0?feature=oembed\" frameborder=\"0\" allow=\"accelerometer; autoplay; clipboard-write; encrypted-media; gyroscope; picture-in-picture; web-share\" referrerpolicy=\"strict-origin-when-cross-origin\" allowfullscreen><\/iframe>\n<\/div><\/figure>\n\n\n\n<p><strong>iad<\/strong> World Challenge 2023 en Sud\u00e1frica<\/p>\n<\/div>\n\n\n\n<div class=\"wp-block-column is-vertically-aligned-center is-layout-flow wp-block-column-is-layout-flow\">\n<figure class=\"wp-block-embed is-type-video is-provider-youtube wp-block-embed-youtube wp-embed-aspect-16-9 wp-has-aspect-ratio\"><div class=\"wp-block-embed__wrapper\">\n<iframe loading=\"lazy\" title=\"Take me back to : IWC 2021 Dubai\" width=\"500\" height=\"281\" src=\"https:\/\/www.youtube.com\/embed\/AfhZekd_05E?feature=oembed\" frameborder=\"0\" allow=\"accelerometer; autoplay; clipboard-write; encrypted-media; gyroscope; picture-in-picture; web-share\" referrerpolicy=\"strict-origin-when-cross-origin\" allowfullscreen><\/iframe>\n<\/div><\/figure>\n\n\n\n<p><strong>iad<\/strong> World Challenge 2021 en Duba\u00ef<\/p>\n<\/div>\n<\/div>\n\n\n\n<h2 class=\"wp-block-heading is-style-h2 has-text-dark-color has-text-color\">\u00bfTienes m\u00e1s preguntas? <\/h2>\n\n\n\n<p class=\"is-style-default has-text-dark-color has-text-color\">Habla con un agente inmobiliario de <strong>iad<\/strong> o asiste a nuestra pr\u00f3xima presentaci\u00f3n de Oportunidad de Negocio.<\/p>\n\n\n\n<div class=\"wp-block-buttons is-layout-flex wp-block-buttons-is-layout-flex\">\n<div class=\"wp-block-button\"><a class=\"wp-block-button__link wp-element-button\" href=\"https:\/\/www.join-iad.com\/es\/form\/\">Cont\u00e1ctanos<\/a><\/div>\n<\/div>\n\n\n\n<div class=\"wp-block-columns alignwide is-layout-flex wp-container-core-columns-is-layout-9d6595d7 wp-block-columns-is-layout-flex\">\n<div class=\"wp-block-column is-layout-flow wp-block-column-is-layout-flow\" style=\"flex-basis:100%\">\n<p class=\"is-style-extra-small\">*iad FLORIDA LLC es una sociedad de responsabilidad limitada constituida con arreglo a las leyes del Estado de Florida (n\u00famero de sociedad L23000020737) cuya direcci\u00f3n principal se encuentra en 1200 Brickell Avenue, Suite 1960, Miami, Florida, 33131, que opera como empresa de intermediaci\u00f3n inmobiliaria en Florida con el n\u00famero de licencia CQ1067735.<\/p>\n<\/div>\n<\/div>\n","protected":false},"excerpt":{"rendered":"<p>\u00danete a la comunidad iad de 18,000 agentes inmobiliarios independientes<\/p>\n","protected":false},"author":42,"featured_media":0,"parent":0,"menu_order":0,"comment_status":"closed","ping_status":"closed","template":"","meta":{"_acf_changed":false,"editor_notices":[],"footnotes":""},"class_list":["post-57","page","type-page","status-publish","hentry"],"acf":[],"yoast_head":"<title>iad : m\u00e1s que una red inmobiliaria | Join iad US<\/title>\n<meta name=\"description\" content=\"\u00danase a la comunidad iad! 18.000 agentes inmobiliarios independientes de todo el mundo, ayud\u00e1ndose mutuamente, compartiendo experiencias, trabajando juntos\u2026\" \/>\n<meta name=\"robots\" content=\"index, follow, max-snippet:-1, max-image-preview:large, max-video-preview:-1\" \/>\n<link rel=\"canonical\" href=\"https:\/\/www.join-iad.com\/es\/la-red-iad\/\" \/>\n<meta property=\"og:locale\" content=\"es_ES\" \/>\n<meta property=\"og:type\" content=\"article\" \/>\n<meta property=\"og:title\" content=\"iad : m\u00e1s que una red inmobiliaria | Join iad US\" \/>\n<meta property=\"og:description\" content=\"\u00danase a la comunidad iad! 18.000 agentes inmobiliarios independientes de todo el mundo, ayud\u00e1ndose mutuamente, compartiendo experiencias, trabajando juntos\u2026\" \/>\n<meta property=\"og:url\" content=\"https:\/\/www.join-iad.com\/es\/la-red-iad\/\" \/>\n<meta property=\"og:site_name\" content=\"Join iad US\" \/>\n<meta property=\"article:publisher\" content=\"https:\/\/www.facebook.com\/iadfloridaofficial\/\" \/>\n<meta property=\"article:modified_time\" content=\"2025-10-30T08:09:35+00:00\" \/>\n<meta name=\"twitter:card\" content=\"summary_large_image\" \/>\n<meta name=\"twitter:label1\" content=\"Est. reading time\" \/>\n\t<meta name=\"twitter:data1\" content=\"4 minutos\" \/>\n<script type=\"application\/ld+json\" class=\"yoast-schema-graph\">{\"@context\":\"https:\/\/schema.org\",\"@graph\":[{\"@type\":\"WebPage\",\"@id\":\"https:\/\/www.join-iad.com\/es\/la-red-iad\/\",\"url\":\"https:\/\/www.join-iad.com\/es\/la-red-iad\/\",\"name\":\"iad : m\u00e1s que una red inmobiliaria | Join iad US\",\"isPartOf\":{\"@id\":\"https:\/\/www.join-iad.com\/es\/#website\"},\"primaryImageOfPage\":{\"@id\":\"https:\/\/www.join-iad.com\/es\/la-red-iad\/#primaryimage\"},\"image\":{\"@id\":\"https:\/\/www.join-iad.com\/es\/la-red-iad\/#primaryimage\"},\"thumbnailUrl\":\"https:\/\/www.join-iad.com\/app\/uploads\/sites\/8\/2023\/08\/workspace-premium-fill0-wght300-grad0-opsz48-1.png\",\"datePublished\":\"2024-01-29T15:53:41+00:00\",\"dateModified\":\"2025-10-30T08:09:35+00:00\",\"description\":\"\u00danase a la comunidad iad! 18.000 agentes inmobiliarios independientes de todo el mundo, ayud\u00e1ndose mutuamente, compartiendo experiencias, trabajando juntos\u2026\",\"breadcrumb\":{\"@id\":\"https:\/\/www.join-iad.com\/es\/la-red-iad\/#breadcrumb\"},\"inLanguage\":\"es\",\"potentialAction\":[{\"@type\":\"ReadAction\",\"target\":[\"https:\/\/www.join-iad.com\/es\/la-red-iad\/\"]}]},{\"@type\":\"ImageObject\",\"inLanguage\":\"es\",\"@id\":\"https:\/\/www.join-iad.com\/es\/la-red-iad\/#primaryimage\",\"url\":\"https:\/\/www.join-iad.com\/app\/uploads\/sites\/8\/2023\/08\/workspace-premium-fill0-wght300-grad0-opsz48-1.png\",\"contentUrl\":\"https:\/\/www.join-iad.com\/app\/uploads\/sites\/8\/2023\/08\/workspace-premium-fill0-wght300-grad0-opsz48-1.png\"},{\"@type\":\"BreadcrumbList\",\"@id\":\"https:\/\/www.join-iad.com\/es\/la-red-iad\/#breadcrumb\",\"itemListElement\":[{\"@type\":\"ListItem\",\"position\":1,\"name\":\"Home\",\"item\":\"https:\/\/www.join-iad.com\/es\/\"},{\"@type\":\"ListItem\",\"position\":2,\"name\":\"La red iad\"}]},{\"@type\":\"WebSite\",\"@id\":\"https:\/\/www.join-iad.com\/es\/#website\",\"url\":\"https:\/\/www.join-iad.com\/es\/\",\"name\":\"Join iad US\",\"description\":\"Convi\u00e9rtase en agente inmobiliario independiente con iad\",\"publisher\":{\"@id\":\"https:\/\/www.join-iad.com\/es\/#organization\"},\"potentialAction\":[{\"@type\":\"SearchAction\",\"target\":{\"@type\":\"EntryPoint\",\"urlTemplate\":\"https:\/\/www.join-iad.com\/es\/?s={search_term_string}\"},\"query-input\":{\"@type\":\"PropertyValueSpecification\",\"valueRequired\":true,\"valueName\":\"search_term_string\"}}],\"inLanguage\":\"es\"},{\"@type\":\"Organization\",\"@id\":\"https:\/\/www.join-iad.com\/es\/#organization\",\"name\":\"iad\",\"url\":\"https:\/\/www.join-iad.com\/es\/\",\"logo\":{\"@type\":\"ImageObject\",\"inLanguage\":\"es\",\"@id\":\"https:\/\/www.join-iad.com\/es\/#\/schema\/logo\/image\/\",\"url\":\"https:\/\/www.join-iad.com\/app\/uploads\/sites\/9\/2024\/02\/logo-iad-bleu.png\",\"contentUrl\":\"https:\/\/www.join-iad.com\/app\/uploads\/sites\/9\/2024\/02\/logo-iad-bleu.png\",\"width\":823,\"height\":701,\"caption\":\"iad\"},\"image\":{\"@id\":\"https:\/\/www.join-iad.com\/es\/#\/schema\/logo\/image\/\"},\"sameAs\":[\"https:\/\/www.facebook.com\/iadfloridaofficial\/\"]}]}<\/script>","yoast_head_json":{"title":"iad : m\u00e1s que una red inmobiliaria | Join iad US","description":"\u00danase a la comunidad iad! 18.000 agentes inmobiliarios independientes de todo el mundo, ayud\u00e1ndose mutuamente, compartiendo experiencias, trabajando juntos\u2026","robots":{"index":"index","follow":"follow","max-snippet":"max-snippet:-1","max-image-preview":"max-image-preview:large","max-video-preview":"max-video-preview:-1"},"canonical":"https:\/\/www.join-iad.com\/es\/la-red-iad\/","og_locale":"es_ES","og_type":"article","og_title":"iad : m\u00e1s que una red inmobiliaria | Join iad US","og_description":"\u00danase a la comunidad iad! 18.000 agentes inmobiliarios independientes de todo el mundo, ayud\u00e1ndose mutuamente, compartiendo experiencias, trabajando juntos\u2026","og_url":"https:\/\/www.join-iad.com\/es\/la-red-iad\/","og_site_name":"Join iad US","article_publisher":"https:\/\/www.facebook.com\/iadfloridaofficial\/","article_modified_time":"2025-10-30T08:09:35+00:00","twitter_card":"summary_large_image","twitter_misc":{"Est. reading time":"4 minutos"},"schema":{"@context":"https:\/\/schema.org","@graph":[{"@type":"WebPage","@id":"https:\/\/www.join-iad.com\/es\/la-red-iad\/","url":"https:\/\/www.join-iad.com\/es\/la-red-iad\/","name":"iad : m\u00e1s que una red inmobiliaria | Join iad US","isPartOf":{"@id":"https:\/\/www.join-iad.com\/es\/#website"},"primaryImageOfPage":{"@id":"https:\/\/www.join-iad.com\/es\/la-red-iad\/#primaryimage"},"image":{"@id":"https:\/\/www.join-iad.com\/es\/la-red-iad\/#primaryimage"},"thumbnailUrl":"https:\/\/www.join-iad.com\/app\/uploads\/sites\/8\/2023\/08\/workspace-premium-fill0-wght300-grad0-opsz48-1.png","datePublished":"2024-01-29T15:53:41+00:00","dateModified":"2025-10-30T08:09:35+00:00","description":"\u00danase a la comunidad iad! 18.000 agentes inmobiliarios independientes de todo el mundo, ayud\u00e1ndose mutuamente, compartiendo experiencias, trabajando juntos\u2026","breadcrumb":{"@id":"https:\/\/www.join-iad.com\/es\/la-red-iad\/#breadcrumb"},"inLanguage":"es","potentialAction":[{"@type":"ReadAction","target":["https:\/\/www.join-iad.com\/es\/la-red-iad\/"]}]},{"@type":"ImageObject","inLanguage":"es","@id":"https:\/\/www.join-iad.com\/es\/la-red-iad\/#primaryimage","url":"https:\/\/www.join-iad.com\/app\/uploads\/sites\/8\/2023\/08\/workspace-premium-fill0-wght300-grad0-opsz48-1.png","contentUrl":"https:\/\/www.join-iad.com\/app\/uploads\/sites\/8\/2023\/08\/workspace-premium-fill0-wght300-grad0-opsz48-1.png"},{"@type":"BreadcrumbList","@id":"https:\/\/www.join-iad.com\/es\/la-red-iad\/#breadcrumb","itemListElement":[{"@type":"ListItem","position":1,"name":"Home","item":"https:\/\/www.join-iad.com\/es\/"},{"@type":"ListItem","position":2,"name":"La red iad"}]},{"@type":"WebSite","@id":"https:\/\/www.join-iad.com\/es\/#website","url":"https:\/\/www.join-iad.com\/es\/","name":"Join iad US","description":"Convi\u00e9rtase en agente inmobiliario independiente con iad","publisher":{"@id":"https:\/\/www.join-iad.com\/es\/#organization"},"potentialAction":[{"@type":"SearchAction","target":{"@type":"EntryPoint","urlTemplate":"https:\/\/www.join-iad.com\/es\/?s={search_term_string}"},"query-input":{"@type":"PropertyValueSpecification","valueRequired":true,"valueName":"search_term_string"}}],"inLanguage":"es"},{"@type":"Organization","@id":"https:\/\/www.join-iad.com\/es\/#organization","name":"iad","url":"https:\/\/www.join-iad.com\/es\/","logo":{"@type":"ImageObject","inLanguage":"es","@id":"https:\/\/www.join-iad.com\/es\/#\/schema\/logo\/image\/","url":"https:\/\/www.join-iad.com\/app\/uploads\/sites\/9\/2024\/02\/logo-iad-bleu.png","contentUrl":"https:\/\/www.join-iad.com\/app\/uploads\/sites\/9\/2024\/02\/logo-iad-bleu.png","width":823,"height":701,"caption":"iad"},"image":{"@id":"https:\/\/www.join-iad.com\/es\/#\/schema\/logo\/image\/"},"sameAs":["https:\/\/www.facebook.com\/iadfloridaofficial\/"]}]}},"_links":{"self":[{"href":"https:\/\/www.join-iad.com\/es\/wp-json\/wp\/v2\/pages\/57","targetHints":{"allow":["GET"]}}],"collection":[{"href":"https:\/\/www.join-iad.com\/es\/wp-json\/wp\/v2\/pages"}],"about":[{"href":"https:\/\/www.join-iad.com\/es\/wp-json\/wp\/v2\/types\/page"}],"author":[{"embeddable":true,"href":"https:\/\/www.join-iad.com\/es\/wp-json\/wp\/v2\/users\/42"}],"replies":[{"embeddable":true,"href":"https:\/\/www.join-iad.com\/es\/wp-json\/wp\/v2\/comments?post=57"}],"version-history":[{"count":9,"href":"https:\/\/www.join-iad.com\/es\/wp-json\/wp\/v2\/pages\/57\/revisions"}],"predecessor-version":[{"id":444,"href":"https:\/\/www.join-iad.com\/es\/wp-json\/wp\/v2\/pages\/57\/revisions\/444"}],"wp:attachment":[{"href":"https:\/\/www.join-iad.com\/es\/wp-json\/wp\/v2\/media?parent=57"}],"curies":[{"name":"wp","href":"https:\/\/api.w.org\/{rel}","templated":true}]}}