{"id":60,"date":"2024-01-29T16:53:02","date_gmt":"2024-01-29T15:53:02","guid":{"rendered":"https:\/\/www.join-iad.com\/es\/?page_id=60"},"modified":"2025-10-30T04:12:19","modified_gmt":"2025-10-30T08:12:19","slug":"el-modelo-iad","status":"publish","type":"page","link":"https:\/\/www.join-iad.com\/es\/el-modelo-iad\/","title":{"rendered":"El modelo iad"},"content":{"rendered":"\n<h2 class=\"wp-block-heading alignwide has-text-align-center\">Un <strong>modelo<\/strong> que sit\u00faa a las personas en el centro de su actividad<\/h2>\n\n\n\n<p class=\"has-text-align-center\">Una nueva forma de ver el sector inmobiliario gracias a un modelo personal y colaborativo.<\/p>\n\n\n\n<figure class=\"wp-block-embed is-type-video is-provider-youtube wp-block-embed-youtube wp-embed-aspect-16-9 wp-has-aspect-ratio\"><div class=\"wp-block-embed__wrapper\">\n<iframe loading=\"lazy\" title=\"2023 Retrospective Video\" width=\"500\" height=\"281\" src=\"https:\/\/www.youtube.com\/embed\/1-Y1CDz1zOs?feature=oembed\" frameborder=\"0\" allow=\"accelerometer; autoplay; clipboard-write; encrypted-media; gyroscope; picture-in-picture; web-share\" referrerpolicy=\"strict-origin-when-cross-origin\" allowfullscreen><\/iframe>\n<\/div><\/figure>\n\n\n\n<h2 class=\"wp-block-heading alignwide has-text-align-center\">En <strong>iad<\/strong>, tenemos <strong>4 pilares inseparables<\/strong><\/h2>\n\n\n\n<div class=\"wp-block-group alignwide\"><div class=\"wp-block-group__inner-container is-layout-flow wp-block-group-is-layout-flow\">\n<div class=\"wp-block-columns is-layout-flex wp-container-core-columns-is-layout-9d6595d7 wp-block-columns-is-layout-flex\">\n<div class=\"wp-block-column is-layout-flow wp-block-column-is-layout-flow\">\n<figure class=\"wp-block-image size-large\"><img loading=\"lazy\" decoding=\"async\" width=\"1024\" height=\"683\" src=\"https:\/\/www.join-iad.com\/app\/uploads\/sites\/9\/2025\/10\/iad-17-copie-1-1024x683.jpg\" alt=\"\" class=\"wp-image-445\" srcset=\"https:\/\/www.join-iad.com\/app\/uploads\/sites\/9\/2025\/10\/iad-17-copie-1-1024x683.jpg 1024w, https:\/\/www.join-iad.com\/app\/uploads\/sites\/9\/2025\/10\/iad-17-copie-1-300x200.jpg 300w, https:\/\/www.join-iad.com\/app\/uploads\/sites\/9\/2025\/10\/iad-17-copie-1-768x512.jpg 768w, https:\/\/www.join-iad.com\/app\/uploads\/sites\/9\/2025\/10\/iad-17-copie-1-1536x1025.jpg 1536w, https:\/\/www.join-iad.com\/app\/uploads\/sites\/9\/2025\/10\/iad-17-copie-1-2048x1366.jpg 2048w, https:\/\/www.join-iad.com\/app\/uploads\/sites\/9\/2025\/10\/iad-17-copie-1-375x250.jpg 375w, https:\/\/www.join-iad.com\/app\/uploads\/sites\/9\/2025\/10\/iad-17-copie-1-750x500.jpg 750w, https:\/\/www.join-iad.com\/app\/uploads\/sites\/9\/2025\/10\/iad-17-copie-1-1920x1281.jpg 1920w, https:\/\/www.join-iad.com\/app\/uploads\/sites\/9\/2025\/10\/iad-17-copie-1-585x390.jpg 585w, https:\/\/www.join-iad.com\/app\/uploads\/sites\/9\/2025\/10\/iad-17-copie-1-1170x780.jpg 1170w, https:\/\/www.join-iad.com\/app\/uploads\/sites\/9\/2025\/10\/iad-17-copie-1-780x520.jpg 780w, https:\/\/www.join-iad.com\/app\/uploads\/sites\/9\/2025\/10\/iad-17-copie-1-1560x1041.jpg 1560w, https:\/\/www.join-iad.com\/app\/uploads\/sites\/9\/2025\/10\/iad-17-copie-1-1499x1000.jpg 1499w\" sizes=\"auto, (max-width: 1024px) 100vw, 1024px\" \/><\/figure>\n\n\n\n<h3 class=\"wp-block-heading has-text-align-center is-style-h4\">Emprendimiento<\/h3>\n\n\n\n<p class=\"has-text-align-center\">Ofrecemos a miles de personas la oportunidad de <strong>cambiar sus vidas<\/strong> y triunfar convirti\u00e9ndose en su <strong>propio jefe<\/strong>, <strong>recibiendo<\/strong> apoyo y <strong>formaci\u00f3n<\/strong> a lo largo de su aventura emprendedora<\/p>\n<\/div>\n\n\n\n<div class=\"wp-block-column is-layout-flow wp-block-column-is-layout-flow\">\n<figure class=\"wp-block-image size-full\"><img loading=\"lazy\" decoding=\"async\" width=\"2560\" height=\"1708\" src=\"https:\/\/www.join-iad.com\/app\/uploads\/sites\/9\/2025\/10\/iad-2023-print-25-copie-1-1-scaled.jpg\" alt=\"\" class=\"wp-image-446\" srcset=\"https:\/\/www.join-iad.com\/app\/uploads\/sites\/9\/2025\/10\/iad-2023-print-25-copie-1-1-scaled.jpg 2560w, https:\/\/www.join-iad.com\/app\/uploads\/sites\/9\/2025\/10\/iad-2023-print-25-copie-1-1-300x200.jpg 300w, https:\/\/www.join-iad.com\/app\/uploads\/sites\/9\/2025\/10\/iad-2023-print-25-copie-1-1-1024x683.jpg 1024w, https:\/\/www.join-iad.com\/app\/uploads\/sites\/9\/2025\/10\/iad-2023-print-25-copie-1-1-768x512.jpg 768w, https:\/\/www.join-iad.com\/app\/uploads\/sites\/9\/2025\/10\/iad-2023-print-25-copie-1-1-1536x1025.jpg 1536w, https:\/\/www.join-iad.com\/app\/uploads\/sites\/9\/2025\/10\/iad-2023-print-25-copie-1-1-2048x1366.jpg 2048w, https:\/\/www.join-iad.com\/app\/uploads\/sites\/9\/2025\/10\/iad-2023-print-25-copie-1-1-375x250.jpg 375w, https:\/\/www.join-iad.com\/app\/uploads\/sites\/9\/2025\/10\/iad-2023-print-25-copie-1-1-750x500.jpg 750w, https:\/\/www.join-iad.com\/app\/uploads\/sites\/9\/2025\/10\/iad-2023-print-25-copie-1-1-1920x1281.jpg 1920w, https:\/\/www.join-iad.com\/app\/uploads\/sites\/9\/2025\/10\/iad-2023-print-25-copie-1-1-585x390.jpg 585w, https:\/\/www.join-iad.com\/app\/uploads\/sites\/9\/2025\/10\/iad-2023-print-25-copie-1-1-1170x780.jpg 1170w, https:\/\/www.join-iad.com\/app\/uploads\/sites\/9\/2025\/10\/iad-2023-print-25-copie-1-1-780x520.jpg 780w, https:\/\/www.join-iad.com\/app\/uploads\/sites\/9\/2025\/10\/iad-2023-print-25-copie-1-1-1560x1041.jpg 1560w, https:\/\/www.join-iad.com\/app\/uploads\/sites\/9\/2025\/10\/iad-2023-print-25-copie-1-1-1499x1000.jpg 1499w\" sizes=\"auto, (max-width: 2560px) 100vw, 2560px\" \/><\/figure>\n\n\n\n<h3 class=\"wp-block-heading has-text-align-center is-style-h4\">Inmobiliarias<\/h3>\n\n\n\n<p class=\"has-text-align-center\">Prestamos un servicio esencial para algo que todos necesitamos. Nuestro trabajo tiene sentido y te ayudamos a hacer realidad tus objetivos inmobiliarios.<\/p>\n<\/div>\n<\/div>\n\n\n\n<div class=\"wp-block-columns is-layout-flex wp-container-core-columns-is-layout-9d6595d7 wp-block-columns-is-layout-flex\">\n<div class=\"wp-block-column is-layout-flow wp-block-column-is-layout-flow\">\n<figure class=\"wp-block-image size-full\"><img decoding=\"async\" src=\"https:\/\/www.join-iad.fr\/app\/uploads\/sites\/2\/2021\/05\/nd5-1668-10ans-iad-1.jpg\" alt=\"le r\u00e9seau iad f\u00eate ses 10 ans\" class=\"wp-image-54727\" \/><\/figure>\n\n\n\n<h3 class=\"wp-block-heading has-text-align-center is-style-h4\">La comunidad<\/h3>\n\n\n\n<p class=\"has-text-align-center\"><strong>iad<\/strong> es una <strong>comunidad de emprendedores independientes<\/strong> basada en un modelo colaborativo apoyado por <strong>mentores<\/strong>.<\/p>\n<\/div>\n\n\n\n<div class=\"wp-block-column is-layout-flow wp-block-column-is-layout-flow\">\n<figure class=\"wp-block-image size-full\"><img decoding=\"async\" src=\"https:\/\/www.join-iad.uk.com\/app\/uploads\/sites\/7\/2023\/09\/carte-pays-iad.png\" alt=\"\" class=\"wp-image-1078\" \/><\/figure>\n\n\n\n<h3 class=\"wp-block-heading has-text-align-center is-style-h4\">Internacional<\/h3>\n\n\n\n<p class=\"has-text-align-center\">Vemos el futuro inmobiliario y emprendedor sin fronteras. Ya estamos apoyando a nuestros agentes y a nuestros clientes con este esp\u00edritu&#8230; \u00a1en <strong>8 pa\u00edses<\/strong>!<\/p>\n<\/div>\n<\/div>\n<\/div><\/div>\n\n\n\n<h2 class=\"wp-block-heading alignwide has-text-align-center\">Apoyados por lo <strong>digital<\/strong> y la <strong>formaci\u00f3n<\/strong><\/h2>\n\n\n\n<div class=\"wp-block-columns alignwide is-layout-flex wp-container-core-columns-is-layout-9d6595d7 wp-block-columns-is-layout-flex\">\n<div class=\"wp-block-column is-layout-flow wp-block-column-is-layout-flow\">\n<figure class=\"wp-block-image size-full\"><img decoding=\"async\" src=\"https:\/\/www.join-iad.fr\/app\/uploads\/sites\/2\/2023\/07\/1.jpg\" alt=\"\" class=\"wp-image-57575\" \/><\/figure>\n\n\n\n<h3 class=\"wp-block-heading has-text-align-center is-style-h4\">Lo digital<\/h3>\n\n\n\n<p class=\"has-text-align-center\">En <strong>iad<\/strong>, desarrollamos nuestras propias herramientas digitales, con total independencia y, sobre todo, en total sinton\u00eda con el negocio y las necesidades cotidianas de nuestros agentes y clientes. Esta obsesi\u00f3n por la <strong>innovaci\u00f3n \u00fatil<\/strong> nos ha convertido en uno de los unicornios de la econom\u00eda francesa y l\u00edder en PropTech.<\/p>\n<\/div>\n\n\n\n<div class=\"wp-block-column is-layout-flow wp-block-column-is-layout-flow\">\n<figure class=\"wp-block-image size-full\"><img loading=\"lazy\" decoding=\"async\" width=\"2560\" height=\"1708\" src=\"https:\/\/www.join-iad.com\/app\/uploads\/sites\/9\/2025\/10\/iad-46-copie-1-scaled.jpg\" alt=\"\" class=\"wp-image-447\" srcset=\"https:\/\/www.join-iad.com\/app\/uploads\/sites\/9\/2025\/10\/iad-46-copie-1-scaled.jpg 2560w, https:\/\/www.join-iad.com\/app\/uploads\/sites\/9\/2025\/10\/iad-46-copie-1-300x200.jpg 300w, https:\/\/www.join-iad.com\/app\/uploads\/sites\/9\/2025\/10\/iad-46-copie-1-1024x683.jpg 1024w, https:\/\/www.join-iad.com\/app\/uploads\/sites\/9\/2025\/10\/iad-46-copie-1-768x512.jpg 768w, https:\/\/www.join-iad.com\/app\/uploads\/sites\/9\/2025\/10\/iad-46-copie-1-1536x1025.jpg 1536w, https:\/\/www.join-iad.com\/app\/uploads\/sites\/9\/2025\/10\/iad-46-copie-1-2048x1366.jpg 2048w, https:\/\/www.join-iad.com\/app\/uploads\/sites\/9\/2025\/10\/iad-46-copie-1-375x250.jpg 375w, https:\/\/www.join-iad.com\/app\/uploads\/sites\/9\/2025\/10\/iad-46-copie-1-750x500.jpg 750w, https:\/\/www.join-iad.com\/app\/uploads\/sites\/9\/2025\/10\/iad-46-copie-1-1920x1281.jpg 1920w, https:\/\/www.join-iad.com\/app\/uploads\/sites\/9\/2025\/10\/iad-46-copie-1-585x390.jpg 585w, https:\/\/www.join-iad.com\/app\/uploads\/sites\/9\/2025\/10\/iad-46-copie-1-1170x780.jpg 1170w, https:\/\/www.join-iad.com\/app\/uploads\/sites\/9\/2025\/10\/iad-46-copie-1-780x520.jpg 780w, https:\/\/www.join-iad.com\/app\/uploads\/sites\/9\/2025\/10\/iad-46-copie-1-1560x1041.jpg 1560w, https:\/\/www.join-iad.com\/app\/uploads\/sites\/9\/2025\/10\/iad-46-copie-1-1499x1000.jpg 1499w\" sizes=\"auto, (max-width: 2560px) 100vw, 2560px\" \/><\/figure>\n\n\n\n<h3 class=\"wp-block-heading has-text-align-center is-style-h4\">La formaci\u00f3n<\/h3>\n\n\n\n<p class=\"has-text-align-center\">En <strong>iad<\/strong>, nunca dejamos de aprender, gracias a nuestro completo programa de formaci\u00f3n que acompa\u00f1a a la red en cada paso del camino. Vengan o no del sector inmobiliario, todos los agentes siguen un <strong>programa de formaci\u00f3n personalizado<\/strong> que garantiza la profesionalidad y el desarrollo de su carrera.<\/p>\n<\/div>\n<\/div>\n\n\n\n<h2 class=\"wp-block-heading is-style-h2 has-text-dark-color has-text-color\">\u00bfTienes m\u00e1s preguntas? <\/h2>\n\n\n\n<p class=\"is-style-default has-text-dark-color has-text-color\">Habla con un agente inmobiliario de <strong>iad<\/strong> o asiste a nuestra pr\u00f3xima presentaci\u00f3n de Oportunidad de Negocio.<\/p>\n\n\n\n<div class=\"wp-block-buttons is-layout-flex wp-block-buttons-is-layout-flex\">\n<div class=\"wp-block-button\"><a class=\"wp-block-button__link wp-element-button\" href=\"https:\/\/www.join-iad.com\/es\/form\/\">Cont\u00e1ctanos<\/a><\/div>\n<\/div>\n","protected":false},"excerpt":{"rendered":"<p>Gracias al sistema de mentor\u00eda y de acompa\u00f1amiento de tus aprendices, podr\u00e1s construir un negocio internacional que podr\u00e1 ser valorado y vendido en cualquier lugar donde iad opere.<\/p>\n","protected":false},"author":42,"featured_media":0,"parent":0,"menu_order":0,"comment_status":"closed","ping_status":"closed","template":"","meta":{"_acf_changed":false,"editor_notices":[],"footnotes":""},"class_list":["post-60","page","type-page","status-publish","hentry"],"acf":[],"yoast_head":"<title>El modelo iad: La propiedad y el digital se unen en torno a un modelo colaborativo | Join iad US<\/title>\n<meta name=\"description\" content=\"Triunfar en el sector inmobiliario, desarrollar tu propio negocio mientras te acompa\u00f1an, apoyan y forman en una nueva profesi\u00f3n: \u00a1ese es el modelo iad!\" \/>\n<meta name=\"robots\" content=\"index, follow, max-snippet:-1, max-image-preview:large, max-video-preview:-1\" \/>\n<link rel=\"canonical\" href=\"https:\/\/www.join-iad.com\/es\/el-modelo-iad\/\" \/>\n<meta property=\"og:locale\" content=\"es_ES\" \/>\n<meta property=\"og:type\" content=\"article\" \/>\n<meta property=\"og:title\" content=\"El modelo iad: La propiedad y el digital se unen en torno a un modelo colaborativo | Join iad US\" \/>\n<meta property=\"og:description\" content=\"Triunfar en el sector inmobiliario, desarrollar tu propio negocio mientras te acompa\u00f1an, apoyan y forman en una nueva profesi\u00f3n: \u00a1ese es el modelo iad!\" \/>\n<meta property=\"og:url\" content=\"https:\/\/www.join-iad.com\/es\/el-modelo-iad\/\" \/>\n<meta property=\"og:site_name\" content=\"Join iad US\" \/>\n<meta property=\"article:publisher\" content=\"https:\/\/www.facebook.com\/iadfloridaofficial\/\" \/>\n<meta property=\"article:modified_time\" content=\"2025-10-30T08:12:19+00:00\" \/>\n<meta property=\"og:image\" content=\"https:\/\/www.join-iad.com\/app\/uploads\/sites\/9\/2025\/10\/iad-17-copie-1-scaled.jpg\" \/>\n\t<meta property=\"og:image:width\" content=\"2560\" \/>\n\t<meta property=\"og:image:height\" content=\"1708\" \/>\n\t<meta property=\"og:image:type\" content=\"image\/jpeg\" \/>\n<meta name=\"twitter:card\" content=\"summary_large_image\" \/>\n<meta name=\"twitter:label1\" content=\"Est. reading time\" \/>\n\t<meta name=\"twitter:data1\" content=\"3 minutos\" \/>\n<script type=\"application\/ld+json\" class=\"yoast-schema-graph\">{\"@context\":\"https:\/\/schema.org\",\"@graph\":[{\"@type\":\"WebPage\",\"@id\":\"https:\/\/www.join-iad.com\/es\/el-modelo-iad\/\",\"url\":\"https:\/\/www.join-iad.com\/es\/el-modelo-iad\/\",\"name\":\"El modelo iad: La propiedad y el digital se unen en torno a un modelo colaborativo | Join iad US\",\"isPartOf\":{\"@id\":\"https:\/\/www.join-iad.com\/es\/#website\"},\"primaryImageOfPage\":{\"@id\":\"https:\/\/www.join-iad.com\/es\/el-modelo-iad\/#primaryimage\"},\"image\":{\"@id\":\"https:\/\/www.join-iad.com\/es\/el-modelo-iad\/#primaryimage\"},\"thumbnailUrl\":\"https:\/\/www.join-iad.com\/app\/uploads\/sites\/9\/2025\/10\/iad-17-copie-1-1024x683.jpg\",\"datePublished\":\"2024-01-29T15:53:02+00:00\",\"dateModified\":\"2025-10-30T08:12:19+00:00\",\"description\":\"Triunfar en el sector inmobiliario, desarrollar tu propio negocio mientras te acompa\u00f1an, apoyan y forman en una nueva profesi\u00f3n: \u00a1ese es el modelo iad!\",\"breadcrumb\":{\"@id\":\"https:\/\/www.join-iad.com\/es\/el-modelo-iad\/#breadcrumb\"},\"inLanguage\":\"es\",\"potentialAction\":[{\"@type\":\"ReadAction\",\"target\":[\"https:\/\/www.join-iad.com\/es\/el-modelo-iad\/\"]}]},{\"@type\":\"ImageObject\",\"inLanguage\":\"es\",\"@id\":\"https:\/\/www.join-iad.com\/es\/el-modelo-iad\/#primaryimage\",\"url\":\"https:\/\/www.join-iad.com\/app\/uploads\/sites\/9\/2025\/10\/iad-17-copie-1-1024x683.jpg\",\"contentUrl\":\"https:\/\/www.join-iad.com\/app\/uploads\/sites\/9\/2025\/10\/iad-17-copie-1-1024x683.jpg\"},{\"@type\":\"BreadcrumbList\",\"@id\":\"https:\/\/www.join-iad.com\/es\/el-modelo-iad\/#breadcrumb\",\"itemListElement\":[{\"@type\":\"ListItem\",\"position\":1,\"name\":\"Home\",\"item\":\"https:\/\/www.join-iad.com\/es\/\"},{\"@type\":\"ListItem\",\"position\":2,\"name\":\"El modelo iad\"}]},{\"@type\":\"WebSite\",\"@id\":\"https:\/\/www.join-iad.com\/es\/#website\",\"url\":\"https:\/\/www.join-iad.com\/es\/\",\"name\":\"Join iad US\",\"description\":\"Convi\u00e9rtase en agente inmobiliario independiente con iad\",\"publisher\":{\"@id\":\"https:\/\/www.join-iad.com\/es\/#organization\"},\"potentialAction\":[{\"@type\":\"SearchAction\",\"target\":{\"@type\":\"EntryPoint\",\"urlTemplate\":\"https:\/\/www.join-iad.com\/es\/?s={search_term_string}\"},\"query-input\":{\"@type\":\"PropertyValueSpecification\",\"valueRequired\":true,\"valueName\":\"search_term_string\"}}],\"inLanguage\":\"es\"},{\"@type\":\"Organization\",\"@id\":\"https:\/\/www.join-iad.com\/es\/#organization\",\"name\":\"iad\",\"url\":\"https:\/\/www.join-iad.com\/es\/\",\"logo\":{\"@type\":\"ImageObject\",\"inLanguage\":\"es\",\"@id\":\"https:\/\/www.join-iad.com\/es\/#\/schema\/logo\/image\/\",\"url\":\"https:\/\/www.join-iad.com\/app\/uploads\/sites\/9\/2024\/02\/logo-iad-bleu.png\",\"contentUrl\":\"https:\/\/www.join-iad.com\/app\/uploads\/sites\/9\/2024\/02\/logo-iad-bleu.png\",\"width\":823,\"height\":701,\"caption\":\"iad\"},\"image\":{\"@id\":\"https:\/\/www.join-iad.com\/es\/#\/schema\/logo\/image\/\"},\"sameAs\":[\"https:\/\/www.facebook.com\/iadfloridaofficial\/\"]}]}<\/script>","yoast_head_json":{"title":"El modelo iad: La propiedad y el digital se unen en torno a un modelo colaborativo | Join iad US","description":"Triunfar en el sector inmobiliario, desarrollar tu propio negocio mientras te acompa\u00f1an, apoyan y forman en una nueva profesi\u00f3n: \u00a1ese es el modelo iad!","robots":{"index":"index","follow":"follow","max-snippet":"max-snippet:-1","max-image-preview":"max-image-preview:large","max-video-preview":"max-video-preview:-1"},"canonical":"https:\/\/www.join-iad.com\/es\/el-modelo-iad\/","og_locale":"es_ES","og_type":"article","og_title":"El modelo iad: La propiedad y el digital se unen en torno a un modelo colaborativo | Join iad US","og_description":"Triunfar en el sector inmobiliario, desarrollar tu propio negocio mientras te acompa\u00f1an, apoyan y forman en una nueva profesi\u00f3n: \u00a1ese es el modelo iad!","og_url":"https:\/\/www.join-iad.com\/es\/el-modelo-iad\/","og_site_name":"Join iad US","article_publisher":"https:\/\/www.facebook.com\/iadfloridaofficial\/","article_modified_time":"2025-10-30T08:12:19+00:00","og_image":[{"width":2560,"height":1708,"url":"https:\/\/www.join-iad.com\/app\/uploads\/sites\/9\/2025\/10\/iad-17-copie-1-scaled.jpg","type":"image\/jpeg"}],"twitter_card":"summary_large_image","twitter_misc":{"Est. reading time":"3 minutos"},"schema":{"@context":"https:\/\/schema.org","@graph":[{"@type":"WebPage","@id":"https:\/\/www.join-iad.com\/es\/el-modelo-iad\/","url":"https:\/\/www.join-iad.com\/es\/el-modelo-iad\/","name":"El modelo iad: La propiedad y el digital se unen en torno a un modelo colaborativo | Join iad US","isPartOf":{"@id":"https:\/\/www.join-iad.com\/es\/#website"},"primaryImageOfPage":{"@id":"https:\/\/www.join-iad.com\/es\/el-modelo-iad\/#primaryimage"},"image":{"@id":"https:\/\/www.join-iad.com\/es\/el-modelo-iad\/#primaryimage"},"thumbnailUrl":"https:\/\/www.join-iad.com\/app\/uploads\/sites\/9\/2025\/10\/iad-17-copie-1-1024x683.jpg","datePublished":"2024-01-29T15:53:02+00:00","dateModified":"2025-10-30T08:12:19+00:00","description":"Triunfar en el sector inmobiliario, desarrollar tu propio negocio mientras te acompa\u00f1an, apoyan y forman en una nueva profesi\u00f3n: \u00a1ese es el modelo iad!","breadcrumb":{"@id":"https:\/\/www.join-iad.com\/es\/el-modelo-iad\/#breadcrumb"},"inLanguage":"es","potentialAction":[{"@type":"ReadAction","target":["https:\/\/www.join-iad.com\/es\/el-modelo-iad\/"]}]},{"@type":"ImageObject","inLanguage":"es","@id":"https:\/\/www.join-iad.com\/es\/el-modelo-iad\/#primaryimage","url":"https:\/\/www.join-iad.com\/app\/uploads\/sites\/9\/2025\/10\/iad-17-copie-1-1024x683.jpg","contentUrl":"https:\/\/www.join-iad.com\/app\/uploads\/sites\/9\/2025\/10\/iad-17-copie-1-1024x683.jpg"},{"@type":"BreadcrumbList","@id":"https:\/\/www.join-iad.com\/es\/el-modelo-iad\/#breadcrumb","itemListElement":[{"@type":"ListItem","position":1,"name":"Home","item":"https:\/\/www.join-iad.com\/es\/"},{"@type":"ListItem","position":2,"name":"El modelo iad"}]},{"@type":"WebSite","@id":"https:\/\/www.join-iad.com\/es\/#website","url":"https:\/\/www.join-iad.com\/es\/","name":"Join iad US","description":"Convi\u00e9rtase en agente inmobiliario independiente con iad","publisher":{"@id":"https:\/\/www.join-iad.com\/es\/#organization"},"potentialAction":[{"@type":"SearchAction","target":{"@type":"EntryPoint","urlTemplate":"https:\/\/www.join-iad.com\/es\/?s={search_term_string}"},"query-input":{"@type":"PropertyValueSpecification","valueRequired":true,"valueName":"search_term_string"}}],"inLanguage":"es"},{"@type":"Organization","@id":"https:\/\/www.join-iad.com\/es\/#organization","name":"iad","url":"https:\/\/www.join-iad.com\/es\/","logo":{"@type":"ImageObject","inLanguage":"es","@id":"https:\/\/www.join-iad.com\/es\/#\/schema\/logo\/image\/","url":"https:\/\/www.join-iad.com\/app\/uploads\/sites\/9\/2024\/02\/logo-iad-bleu.png","contentUrl":"https:\/\/www.join-iad.com\/app\/uploads\/sites\/9\/2024\/02\/logo-iad-bleu.png","width":823,"height":701,"caption":"iad"},"image":{"@id":"https:\/\/www.join-iad.com\/es\/#\/schema\/logo\/image\/"},"sameAs":["https:\/\/www.facebook.com\/iadfloridaofficial\/"]}]}},"_links":{"self":[{"href":"https:\/\/www.join-iad.com\/es\/wp-json\/wp\/v2\/pages\/60","targetHints":{"allow":["GET"]}}],"collection":[{"href":"https:\/\/www.join-iad.com\/es\/wp-json\/wp\/v2\/pages"}],"about":[{"href":"https:\/\/www.join-iad.com\/es\/wp-json\/wp\/v2\/types\/page"}],"author":[{"embeddable":true,"href":"https:\/\/www.join-iad.com\/es\/wp-json\/wp\/v2\/users\/42"}],"replies":[{"embeddable":true,"href":"https:\/\/www.join-iad.com\/es\/wp-json\/wp\/v2\/comments?post=60"}],"version-history":[{"count":10,"href":"https:\/\/www.join-iad.com\/es\/wp-json\/wp\/v2\/pages\/60\/revisions"}],"predecessor-version":[{"id":471,"href":"https:\/\/www.join-iad.com\/es\/wp-json\/wp\/v2\/pages\/60\/revisions\/471"}],"wp:attachment":[{"href":"https:\/\/www.join-iad.com\/es\/wp-json\/wp\/v2\/media?parent=60"}],"curies":[{"name":"wp","href":"https:\/\/api.w.org\/{rel}","templated":true}]}}