{"id":61,"date":"2024-01-29T15:21:37","date_gmt":"2024-01-29T14:21:37","guid":{"rendered":"https:\/\/www.join-iad.com\/es\/?page_id=61"},"modified":"2025-10-30T04:24:07","modified_gmt":"2025-10-30T08:24:07","slug":"testimonios","status":"publish","type":"page","link":"https:\/\/www.join-iad.com\/es\/testimonios\/","title":{"rendered":"Testimonios"},"content":{"rendered":"\n<div class=\"wp-block-columns alignwide is-layout-flex wp-container-core-columns-is-layout-9d6595d7 wp-block-columns-is-layout-flex\">\n<div class=\"wp-block-column is-layout-flow wp-block-column-is-layout-flow\" style=\"flex-basis:66.66%\">\n<figure class=\"wp-block-embed is-type-video is-provider-youtube wp-block-embed-youtube wp-embed-aspect-16-9 wp-has-aspect-ratio\"><div class=\"wp-block-embed__wrapper\">\n<iframe loading=\"lazy\" title=\"Why iad Florida&#039;s Model Wins Hearts: Two Young Agents Embrace iad&#039;s Unique Business Model\" width=\"500\" height=\"281\" src=\"https:\/\/www.youtube.com\/embed\/D7v_upQrGeQ?feature=oembed\" frameborder=\"0\" allow=\"accelerometer; autoplay; clipboard-write; encrypted-media; gyroscope; picture-in-picture; web-share\" referrerpolicy=\"strict-origin-when-cross-origin\" allowfullscreen><\/iframe>\n<\/div><\/figure>\n<\/div>\n\n\n\n<div class=\"wp-block-column is-vertically-aligned-center is-layout-flow wp-block-column-is-layout-flow\" style=\"flex-basis:33.33%\">\n<h2 class=\"wp-block-heading\">Savanna y Mathias Jennings<\/h2>\n\n\n\n<p class=\"is-style-large\"><em><strong>iad<\/strong> Florida agentes inmobiliarios<\/em><\/p>\n\n\n\n<p class=\"is-style-extra-small\"><em>\u00abLo m\u00e1s importante para nosotros con <strong>iad<\/strong> fue la estructura con los agentes aprendices y la mentor\u00eda. Para nosotros eso es algo que realmente se destac\u00f3 para que pudi\u00e9ramos construir un negocio profesional, tener miembros del equipo por debajo de nosotros que podemos entrenar, ayudarles a construir negocios exitosos y luego convertir eso en linaje, ya sea generacional con nuestros hijos o venderlo y retirarse si queremos, alg\u00fan d\u00eda, en el futuro\u00bb.<\/em><\/p>\n<\/div>\n<\/div>\n\n\n\n<div style=\"height:105px\" aria-hidden=\"true\" class=\"wp-block-spacer\"><\/div>\n\n\n\n<div class=\"wp-block-columns alignwide is-layout-flex wp-container-core-columns-is-layout-9d6595d7 wp-block-columns-is-layout-flex\">\n<div class=\"wp-block-column is-layout-flow wp-block-column-is-layout-flow\">\n<figure class=\"wp-block-image size-medium\"><img decoding=\"async\" src=\"https:\/\/www.join-iad.com\/app\/uploads\/sites\/8\/2023\/12\/dyanna-alley-wilson-300x300.jpeg\" alt=\"\" class=\"wp-image-501\"\/><\/figure>\n\n\n\n<p class=\"is-style-h4\"><strong>Dyanna Alley-Wilson<\/strong> &#8211; iad Florida, agente inmobiliario<\/p>\n\n\n\n<p class=\"is-style-default\">\u00abLo m\u00e1s importante que quiero, es que mis clientes sientan que pueden comunicarse conmigo y que se sienten escuchados y valorados. Quiero que mis clientes sientan que he trabajado con ellos para identificar la casa que mejor se adapte a su sue\u00f1o.\u00bb<\/p>\n<\/div>\n\n\n\n<div class=\"wp-block-column is-layout-flow wp-block-column-is-layout-flow\">\n<figure class=\"wp-block-image size-full is-resized\"><img decoding=\"async\" src=\"https:\/\/www.join-iad.com\/app\/uploads\/sites\/8\/2023\/12\/xavier-delgado.jpeg\" alt=\"\" class=\"wp-image-502\" style=\"width:300px\"\/><\/figure>\n\n\n\n<p class=\"is-style-h4\"><strong>Xavier Delgado<\/strong> &#8211; iad Florida, agente inmobiliario<\/p>\n\n\n\n<p>\u00abEleg\u00ed trabajar con <strong>iad<\/strong> Real Estate porque quer\u00eda formar parte de algo nuevo e innovador; ser capaz de crear una l\u00ednea descendente y comenzar mi propio equipo de bienes ra\u00edces es una gran oportunidad para m\u00ed. Adem\u00e1s, la tutor\u00eda que se incluye con la empresa es muy valiosa. Creo que poder aprender de profesionales con experiencia en el sector me ayudar\u00e1 a tener \u00e9xito en mi carrera inmobiliaria\u00bb.<\/p>\n<\/div>\n\n\n\n<div class=\"wp-block-column is-layout-flow wp-block-column-is-layout-flow\">\n<figure class=\"wp-block-image size-medium\"><img decoding=\"async\" src=\"https:\/\/www.join-iad.com\/app\/uploads\/sites\/8\/2023\/12\/ieva-wilson-300x300.jpeg\" alt=\"\" class=\"wp-image-500\"\/><\/figure>\n\n\n\n<p class=\"is-style-h4\"><strong>Ieva Wilson<\/strong> &#8211; iad Florida, agente inmobiliario<\/p>\n\n\n\n<p>\u00ab<strong>iad<\/strong> inicialmente era una idea de mis corredores, sin embargo, mirando m\u00e1s en su modelo de negocio y la cultura, que realmente me pareci\u00f3 una gran oportunidad y estrategia real para el futuro y, finalmente, una opci\u00f3n para la jubilaci\u00f3n.\u00bb<\/p>\n<\/div>\n<\/div>\n\n\n\n<h2 class=\"wp-block-heading is-style-h2 has-text-dark-color has-text-color\">\u00bfTienes m\u00e1s preguntas? <\/h2>\n\n\n\n<p class=\"is-style-default has-text-dark-color has-text-color\">Habla con un agente inmobiliario de <strong>iad<\/strong> o asiste a nuestra pr\u00f3xima presentaci\u00f3n de Oportunidad de Negocio.<\/p>\n\n\n\n<div class=\"wp-block-buttons is-layout-flex wp-block-buttons-is-layout-flex\">\n<div class=\"wp-block-button\"><a class=\"wp-block-button__link wp-element-button\" href=\"https:\/\/www.join-iad.com\/es\/form\/\">Cont\u00e1ctanos<\/a><\/div>\n<\/div>\n","protected":false},"excerpt":{"rendered":"<p>Descubre las opiniones y testimonios de los asesores inmobiliarios de iad.<\/p>\n","protected":false},"author":42,"featured_media":0,"parent":0,"menu_order":0,"comment_status":"closed","ping_status":"closed","template":"","meta":{"_acf_changed":false,"editor_notices":[],"footnotes":""},"class_list":["post-61","page","type-page","status-publish","hentry"],"acf":[],"yoast_head":"<title>Testimonios de agentes inmobiliarios de iad Florida | Join iad US<\/title>\n<meta name=\"description\" content=\"iad, \u00a1son sus asesores quienes mejor hablan de ella! Descubre las opiniones y testimonios de los asesores inmobiliarios de iad Florida.\" \/>\n<meta name=\"robots\" content=\"index, follow, max-snippet:-1, max-image-preview:large, max-video-preview:-1\" \/>\n<link rel=\"canonical\" href=\"https:\/\/www.join-iad.com\/es\/testimonios\/\" \/>\n<meta property=\"og:locale\" content=\"es_ES\" \/>\n<meta property=\"og:type\" content=\"article\" \/>\n<meta property=\"og:title\" content=\"Testimonios de agentes inmobiliarios de iad Florida | Join iad US\" \/>\n<meta property=\"og:description\" content=\"iad, \u00a1son sus asesores quienes mejor hablan de ella! Descubre las opiniones y testimonios de los asesores inmobiliarios de iad Florida.\" \/>\n<meta property=\"og:url\" content=\"https:\/\/www.join-iad.com\/es\/testimonios\/\" \/>\n<meta property=\"og:site_name\" content=\"Join iad US\" \/>\n<meta property=\"article:publisher\" content=\"https:\/\/www.facebook.com\/iadfloridaofficial\/\" \/>\n<meta property=\"article:modified_time\" content=\"2025-10-30T08:24:07+00:00\" \/>\n<meta name=\"twitter:card\" content=\"summary_large_image\" \/>\n<meta name=\"twitter:label1\" content=\"Est. reading time\" \/>\n\t<meta name=\"twitter:data1\" content=\"2 minutos\" \/>\n<script type=\"application\/ld+json\" class=\"yoast-schema-graph\">{\"@context\":\"https:\/\/schema.org\",\"@graph\":[{\"@type\":\"WebPage\",\"@id\":\"https:\/\/www.join-iad.com\/es\/testimonios\/\",\"url\":\"https:\/\/www.join-iad.com\/es\/testimonios\/\",\"name\":\"Testimonios de agentes inmobiliarios de iad Florida | Join iad US\",\"isPartOf\":{\"@id\":\"https:\/\/www.join-iad.com\/es\/#website\"},\"primaryImageOfPage\":{\"@id\":\"https:\/\/www.join-iad.com\/es\/testimonios\/#primaryimage\"},\"image\":{\"@id\":\"https:\/\/www.join-iad.com\/es\/testimonios\/#primaryimage\"},\"thumbnailUrl\":\"https:\/\/www.join-iad.com\/app\/uploads\/sites\/8\/2023\/12\/dyanna-alley-wilson-300x300.jpeg\",\"datePublished\":\"2024-01-29T14:21:37+00:00\",\"dateModified\":\"2025-10-30T08:24:07+00:00\",\"description\":\"iad, \u00a1son sus asesores quienes mejor hablan de ella! Descubre las opiniones y testimonios de los asesores inmobiliarios de iad Florida.\",\"breadcrumb\":{\"@id\":\"https:\/\/www.join-iad.com\/es\/testimonios\/#breadcrumb\"},\"inLanguage\":\"es\",\"potentialAction\":[{\"@type\":\"ReadAction\",\"target\":[\"https:\/\/www.join-iad.com\/es\/testimonios\/\"]}]},{\"@type\":\"ImageObject\",\"inLanguage\":\"es\",\"@id\":\"https:\/\/www.join-iad.com\/es\/testimonios\/#primaryimage\",\"url\":\"https:\/\/www.join-iad.com\/app\/uploads\/sites\/8\/2023\/12\/dyanna-alley-wilson-300x300.jpeg\",\"contentUrl\":\"https:\/\/www.join-iad.com\/app\/uploads\/sites\/8\/2023\/12\/dyanna-alley-wilson-300x300.jpeg\"},{\"@type\":\"BreadcrumbList\",\"@id\":\"https:\/\/www.join-iad.com\/es\/testimonios\/#breadcrumb\",\"itemListElement\":[{\"@type\":\"ListItem\",\"position\":1,\"name\":\"Home\",\"item\":\"https:\/\/www.join-iad.com\/es\/\"},{\"@type\":\"ListItem\",\"position\":2,\"name\":\"Testimonios\"}]},{\"@type\":\"WebSite\",\"@id\":\"https:\/\/www.join-iad.com\/es\/#website\",\"url\":\"https:\/\/www.join-iad.com\/es\/\",\"name\":\"Join iad US\",\"description\":\"Convi\u00e9rtase en agente inmobiliario independiente con iad\",\"publisher\":{\"@id\":\"https:\/\/www.join-iad.com\/es\/#organization\"},\"potentialAction\":[{\"@type\":\"SearchAction\",\"target\":{\"@type\":\"EntryPoint\",\"urlTemplate\":\"https:\/\/www.join-iad.com\/es\/?s={search_term_string}\"},\"query-input\":{\"@type\":\"PropertyValueSpecification\",\"valueRequired\":true,\"valueName\":\"search_term_string\"}}],\"inLanguage\":\"es\"},{\"@type\":\"Organization\",\"@id\":\"https:\/\/www.join-iad.com\/es\/#organization\",\"name\":\"iad\",\"url\":\"https:\/\/www.join-iad.com\/es\/\",\"logo\":{\"@type\":\"ImageObject\",\"inLanguage\":\"es\",\"@id\":\"https:\/\/www.join-iad.com\/es\/#\/schema\/logo\/image\/\",\"url\":\"https:\/\/www.join-iad.com\/app\/uploads\/sites\/9\/2024\/02\/logo-iad-bleu.png\",\"contentUrl\":\"https:\/\/www.join-iad.com\/app\/uploads\/sites\/9\/2024\/02\/logo-iad-bleu.png\",\"width\":823,\"height\":701,\"caption\":\"iad\"},\"image\":{\"@id\":\"https:\/\/www.join-iad.com\/es\/#\/schema\/logo\/image\/\"},\"sameAs\":[\"https:\/\/www.facebook.com\/iadfloridaofficial\/\"]}]}<\/script>","yoast_head_json":{"title":"Testimonios de agentes inmobiliarios de iad Florida | Join iad US","description":"iad, \u00a1son sus asesores quienes mejor hablan de ella! Descubre las opiniones y testimonios de los asesores inmobiliarios de iad Florida.","robots":{"index":"index","follow":"follow","max-snippet":"max-snippet:-1","max-image-preview":"max-image-preview:large","max-video-preview":"max-video-preview:-1"},"canonical":"https:\/\/www.join-iad.com\/es\/testimonios\/","og_locale":"es_ES","og_type":"article","og_title":"Testimonios de agentes inmobiliarios de iad Florida | Join iad US","og_description":"iad, \u00a1son sus asesores quienes mejor hablan de ella! Descubre las opiniones y testimonios de los asesores inmobiliarios de iad Florida.","og_url":"https:\/\/www.join-iad.com\/es\/testimonios\/","og_site_name":"Join iad US","article_publisher":"https:\/\/www.facebook.com\/iadfloridaofficial\/","article_modified_time":"2025-10-30T08:24:07+00:00","twitter_card":"summary_large_image","twitter_misc":{"Est. reading time":"2 minutos"},"schema":{"@context":"https:\/\/schema.org","@graph":[{"@type":"WebPage","@id":"https:\/\/www.join-iad.com\/es\/testimonios\/","url":"https:\/\/www.join-iad.com\/es\/testimonios\/","name":"Testimonios de agentes inmobiliarios de iad Florida | Join iad US","isPartOf":{"@id":"https:\/\/www.join-iad.com\/es\/#website"},"primaryImageOfPage":{"@id":"https:\/\/www.join-iad.com\/es\/testimonios\/#primaryimage"},"image":{"@id":"https:\/\/www.join-iad.com\/es\/testimonios\/#primaryimage"},"thumbnailUrl":"https:\/\/www.join-iad.com\/app\/uploads\/sites\/8\/2023\/12\/dyanna-alley-wilson-300x300.jpeg","datePublished":"2024-01-29T14:21:37+00:00","dateModified":"2025-10-30T08:24:07+00:00","description":"iad, \u00a1son sus asesores quienes mejor hablan de ella! Descubre las opiniones y testimonios de los asesores inmobiliarios de iad Florida.","breadcrumb":{"@id":"https:\/\/www.join-iad.com\/es\/testimonios\/#breadcrumb"},"inLanguage":"es","potentialAction":[{"@type":"ReadAction","target":["https:\/\/www.join-iad.com\/es\/testimonios\/"]}]},{"@type":"ImageObject","inLanguage":"es","@id":"https:\/\/www.join-iad.com\/es\/testimonios\/#primaryimage","url":"https:\/\/www.join-iad.com\/app\/uploads\/sites\/8\/2023\/12\/dyanna-alley-wilson-300x300.jpeg","contentUrl":"https:\/\/www.join-iad.com\/app\/uploads\/sites\/8\/2023\/12\/dyanna-alley-wilson-300x300.jpeg"},{"@type":"BreadcrumbList","@id":"https:\/\/www.join-iad.com\/es\/testimonios\/#breadcrumb","itemListElement":[{"@type":"ListItem","position":1,"name":"Home","item":"https:\/\/www.join-iad.com\/es\/"},{"@type":"ListItem","position":2,"name":"Testimonios"}]},{"@type":"WebSite","@id":"https:\/\/www.join-iad.com\/es\/#website","url":"https:\/\/www.join-iad.com\/es\/","name":"Join iad US","description":"Convi\u00e9rtase en agente inmobiliario independiente con iad","publisher":{"@id":"https:\/\/www.join-iad.com\/es\/#organization"},"potentialAction":[{"@type":"SearchAction","target":{"@type":"EntryPoint","urlTemplate":"https:\/\/www.join-iad.com\/es\/?s={search_term_string}"},"query-input":{"@type":"PropertyValueSpecification","valueRequired":true,"valueName":"search_term_string"}}],"inLanguage":"es"},{"@type":"Organization","@id":"https:\/\/www.join-iad.com\/es\/#organization","name":"iad","url":"https:\/\/www.join-iad.com\/es\/","logo":{"@type":"ImageObject","inLanguage":"es","@id":"https:\/\/www.join-iad.com\/es\/#\/schema\/logo\/image\/","url":"https:\/\/www.join-iad.com\/app\/uploads\/sites\/9\/2024\/02\/logo-iad-bleu.png","contentUrl":"https:\/\/www.join-iad.com\/app\/uploads\/sites\/9\/2024\/02\/logo-iad-bleu.png","width":823,"height":701,"caption":"iad"},"image":{"@id":"https:\/\/www.join-iad.com\/es\/#\/schema\/logo\/image\/"},"sameAs":["https:\/\/www.facebook.com\/iadfloridaofficial\/"]}]}},"_links":{"self":[{"href":"https:\/\/www.join-iad.com\/es\/wp-json\/wp\/v2\/pages\/61","targetHints":{"allow":["GET"]}}],"collection":[{"href":"https:\/\/www.join-iad.com\/es\/wp-json\/wp\/v2\/pages"}],"about":[{"href":"https:\/\/www.join-iad.com\/es\/wp-json\/wp\/v2\/types\/page"}],"author":[{"embeddable":true,"href":"https:\/\/www.join-iad.com\/es\/wp-json\/wp\/v2\/users\/42"}],"replies":[{"embeddable":true,"href":"https:\/\/www.join-iad.com\/es\/wp-json\/wp\/v2\/comments?post=61"}],"version-history":[{"count":10,"href":"https:\/\/www.join-iad.com\/es\/wp-json\/wp\/v2\/pages\/61\/revisions"}],"predecessor-version":[{"id":456,"href":"https:\/\/www.join-iad.com\/es\/wp-json\/wp\/v2\/pages\/61\/revisions\/456"}],"wp:attachment":[{"href":"https:\/\/www.join-iad.com\/es\/wp-json\/wp\/v2\/media?parent=61"}],"curies":[{"name":"wp","href":"https:\/\/api.w.org\/{rel}","templated":true}]}}